{"id":6889,"date":"2018-09-28T19:25:53","date_gmt":"2018-09-28T17:25:53","guid":{"rendered":"https:\/\/speaklive.ch\/cecr\/"},"modified":"2018-09-28T19:37:41","modified_gmt":"2018-09-28T17:37:41","slug":"cecr","status":"publish","type":"page","link":"https:\/\/speaklive.ch\/fr\/cecr\/","title":{"rendered":"cecr"},"content":{"rendered":"<p>[et_pb_section fb_built=\u00a0\u00bb1&Prime; _builder_version=\u00a0\u00bb3.0.95&Prime; custom_padding=\u00a0\u00bb0px|0px|54px|0px\u00a0\u00bb][et_pb_row custom_padding=\u00a0\u00bb27px|0px|3px|0px\u00a0\u00bb _builder_version=\u00a0\u00bb3.0.91&Prime;][et_pb_column type=\u00a0\u00bb4_4&Prime; _builder_version=\u00a0\u00bb3.0.47&Prime; parallax=\u00a0\u00bboff\u00a0\u00bb parallax_method=\u00a0\u00bbon\u00a0\u00bb][et_pb_text _builder_version=\u00a0\u00bb3.15&Prime; text_font=\u00a0\u00bb||||||||\u00a0\u00bb text_text_color=\u00a0\u00bb#000000&Prime;]<\/p>\n<h2 style=\"text-align: center;\">*Qu&rsquo;est-ce que le CECR?<\/h2>\n<p>Le CECR &#8211; <em>Cadre Europ\u00e9en Commun de R\u00e9f\u00e9rence pour les langues<\/em> &#8211; est un outil comprenant des crit\u00e8res qui soulignent ce que vous \u00eates capable de faire dans des situations de la vie r\u00e9elle. Cette grille a \u00e9t\u00e9 \u00e9labor\u00e9e par le Conseil de l&rsquo;Europe dans le but d&rsquo;uniformiser les niveaux en langues \u00e9trang\u00e8res.<\/p>\n<p>Cela vous donnera une id\u00e9e de l\u00e0 o\u00f9 vous vous situez au d\u00e9but de votre apprentissage, et vous aidera \u00e0 visualiser vos progr\u00e8s.<\/p>\n<p>[\/et_pb_text][\/et_pb_column][\/et_pb_row][et_pb_row custom_padding=\u00a0\u00bb41px|0px|167px|0px\u00a0\u00bb _builder_version=\u00a0\u00bb3.0.95&Prime; background_image=\u00a0\u00bbhttp:\/\/speaklive.ch\/wp-content\/uploads\/2018\/01\/niveaux-CECR-francais.png\u00a0\u00bb background_size=\u00a0\u00bbcontain\u00a0\u00bb module_alignment=\u00a0\u00bbcenter\u00a0\u00bb][et_pb_column type=\u00a0\u00bb4_4&Prime; _builder_version=\u00a0\u00bb3.0.47&Prime; parallax=\u00a0\u00bboff\u00a0\u00bb parallax_method=\u00a0\u00bbon\u00a0\u00bb][\/et_pb_column][\/et_pb_row][et_pb_row custom_padding=\u00a0\u00bb25px|15px|25px|15px\u00a0\u00bb _builder_version=\u00a0\u00bb3.0.98&Prime; background_color=\u00a0\u00bb#d3d3d3&Prime; background_size=\u00a0\u00bbinitial\u00a0\u00bb module_alignment=\u00a0\u00bbcenter\u00a0\u00bb][et_pb_column type=\u00a0\u00bb1_2&Prime; _builder_version=\u00a0\u00bb3.0.47&Prime; parallax=\u00a0\u00bboff\u00a0\u00bb parallax_method=\u00a0\u00bbon\u00a0\u00bb][et_pb_text _builder_version=\u00a0\u00bb3.0.98&Prime; text_text_color=\u00a0\u00bb#4f4f4f\u00a0\u00bb custom_margin=\u00a0\u00bb|15px||15px\u00a0\u00bb inline_fonts=\u00a0\u00bbAguafina Script,Aladin,Amita,ABeeZee\u00a0\u00bb]<\/p>\n<h1><span style=\"font-size: xx-large; color: #b0a2f9;\"><strong>A1<\/strong><\/span><\/h1>\n<p>Peut comprendre et utiliser des expressions famili\u00e8res et quotidiennes ainsi que des phrases tr\u00e8s simples. Peut se pr\u00e9senter ou pr\u00e9senter quelqu\u2019un, demander et donner des informations personnelles.\u00a0Peut communiquer de fa\u00e7on simple si l\u2019interlocuteur parle lentement et se montre coop\u00e9ratif.<br \/>\n[\/et_pb_text][\/et_pb_column][et_pb_column type=\u00a0\u00bb1_2&Prime; _builder_version=\u00a0\u00bb3.0.47&Prime; parallax=\u00a0\u00bboff\u00a0\u00bb parallax_method=\u00a0\u00bbon\u00a0\u00bb][et_pb_text _builder_version=\u00a0\u00bb3.0.98&Prime; text_font=\u00a0\u00bb||||||||\u00a0\u00bb text_text_color=\u00a0\u00bb#4f4f4f\u00a0\u00bb custom_margin=\u00a0\u00bb|15px||15px\u00a0\u00bb custom_padding=\u00a0\u00bb|||\u00a0\u00bb]<\/p>\n<h1><span style=\"color: #17b8da; font-size: xx-large;\"><strong>A2<\/strong><\/span><\/h1>\n<p>Peut comprendre des expressions fr\u00e9quemment utilis\u00e9es en relation avec des domaines imm\u00e9diats de priorit\u00e9 (ex: informations personnelles et familiales simples, achats, environnement proche, travail). Peut communiquer lors de t\u00e2ches simples et habituelles. Peut d\u00e9crire avec des moyens simples son environnement imm\u00e9diat et \u00e9voquer des besoins imm\u00e9diats.<br \/>\n[\/et_pb_text][\/et_pb_column][\/et_pb_row][et_pb_row custom_padding=\u00a0\u00bb25px|15px|25px|15px\u00a0\u00bb _builder_version=\u00a0\u00bb3.0.98&Prime; background_color=\u00a0\u00bb#d3d3d3&Prime; background_size=\u00a0\u00bbinitial\u00a0\u00bb module_alignment=\u00a0\u00bbcenter\u00a0\u00bb][et_pb_column type=\u00a0\u00bb1_2&Prime; _builder_version=\u00a0\u00bb3.0.47&Prime; parallax=\u00a0\u00bboff\u00a0\u00bb parallax_method=\u00a0\u00bbon\u00a0\u00bb][et_pb_text _builder_version=\u00a0\u00bb3.0.98&Prime; custom_margin=\u00a0\u00bb|15px||15px\u00a0\u00bb]<\/p>\n<h1><span style=\"color: #bbcd2a; font-size: xx-large;\"><strong>B1<\/strong><\/span><\/h1>\n<p>Peut comprendre les points essentiels quand s\u2019il s\u2019agit de choses famili\u00e8res dans le travail, \u00e0 l\u2019\u00e9cole, dans les loisirs, etc. Peut produire des textes simples et coh\u00e9rents. Peut raconter un \u00e9v\u00e8nement, une exp\u00e9rience, exprimer des sentiments et d\u00e9crire un projet futur. Peut bri\u00e8vement justifier une opinion.<br \/>\n[\/et_pb_text][\/et_pb_column][et_pb_column type=\u00a0\u00bb1_2&Prime; _builder_version=\u00a0\u00bb3.0.47&Prime; parallax=\u00a0\u00bboff\u00a0\u00bb parallax_method=\u00a0\u00bbon\u00a0\u00bb][et_pb_text _builder_version=\u00a0\u00bb3.0.98&Prime; text_font=\u00a0\u00bb||||||||\u00a0\u00bb text_text_color=\u00a0\u00bb#4f4f4f\u00a0\u00bb custom_margin=\u00a0\u00bb|15px||15px\u00a0\u00bb custom_padding=\u00a0\u00bb|||\u00a0\u00bb]<\/p>\n<h1><span style=\"color: #ffd33f; font-size: xx-large;\"><strong>B2<\/strong><\/span><\/h1>\n<p>Peut comprendre le contenu essentiel de sujets concrets ou abstraits dans un texte complexe, y compris une discussion technique dans sa sp\u00e9cialit\u00e9. Peut communiquer avec un degr\u00e9 de spontan\u00e9it\u00e9 et d\u2019aisance dans une conversation avec un locuteur natif. Peut s\u2019exprimer \u00e0 l\u2019\u00e9crit de fa\u00e7on claire et d\u00e9taill\u00e9e sur une grande gamme de sujets, et exposer les avantages et les inconv\u00e9nients de diff\u00e9rentes possibilit\u00e9s.<br \/>\n[\/et_pb_text][\/et_pb_column][\/et_pb_row][et_pb_row custom_padding=\u00a0\u00bb25px|15px|25px|15px\u00a0\u00bb _builder_version=\u00a0\u00bb3.0.98&Prime; background_color=\u00a0\u00bb#d3d3d3&Prime; background_size=\u00a0\u00bbinitial\u00a0\u00bb module_alignment=\u00a0\u00bbcenter\u00a0\u00bb][et_pb_column type=\u00a0\u00bb1_2&Prime; _builder_version=\u00a0\u00bb3.0.47&Prime; parallax=\u00a0\u00bboff\u00a0\u00bb parallax_method=\u00a0\u00bbon\u00a0\u00bb][et_pb_text _builder_version=\u00a0\u00bb3.0.98&Prime; text_font=\u00a0\u00bb||||||||\u00a0\u00bb text_text_color=\u00a0\u00bb#4f4f4f\u00a0\u00bb custom_padding=\u00a0\u00bb|15px||15px\u00a0\u00bb]<\/p>\n<h1><span style=\"color: #f4973b; font-size: xx-large;\"><strong>C1<\/strong><\/span><\/h1>\n<p>Peut comprendre une grande gamme de textes longs, et saisir des significations implicites. Peut s\u2019exprimer spontan\u00e9ment et couramment. Peut utiliser la langue de fa\u00e7on efficace et souple dans sa vie sociale, professionnelle ou acad\u00e9mique. Peut s\u2019exprimer sur des sujets complexes de fa\u00e7on claire et structur\u00e9e, en utilisant des outils d\u2019organisation, d\u2019articulation et de coh\u00e9sion du discours.<br \/>\n[\/et_pb_text][\/et_pb_column][et_pb_column type=\u00a0\u00bb1_2&Prime; _builder_version=\u00a0\u00bb3.0.47&Prime; parallax=\u00a0\u00bboff\u00a0\u00bb parallax_method=\u00a0\u00bbon\u00a0\u00bb][et_pb_text _builder_version=\u00a0\u00bb3.0.98&Prime; text_font=\u00a0\u00bb||||||||\u00a0\u00bb text_text_color=\u00a0\u00bb#4f4f4f\u00a0\u00bb custom_margin=\u00a0\u00bb|15px||15px\u00a0\u00bb custom_padding=\u00a0\u00bb|||\u00a0\u00bb]<\/p>\n<h1><span style=\"color: #e770d5; font-size: xx-large;\"><strong>C2<\/strong><\/span><\/h1>\n<p>Peut comprendre sans effort pratiquement tout ce qu\u2019il\/elle lit ou entend. Peut restituer faits et arguments de diverses sources \u00e9crites et orales en les r\u00e9sumant de fa\u00e7on coh\u00e9rente. Peut s\u2019exprimer spontan\u00e9ment, tr\u00e8s couramment et de fa\u00e7on pr\u00e9cise et peut rendre distinctes de fines nuances de sens en rapport avec des sujets complexes.<br \/>\n[\/et_pb_text][\/et_pb_column][\/et_pb_row][et_pb_row custom_padding=\u00a0\u00bb25px||0px|\u00a0\u00bb _builder_version=\u00a0\u00bb3.0.98&Prime; background_size=\u00a0\u00bbinitial\u00a0\u00bb background_position=\u00a0\u00bbtop_left\u00a0\u00bb background_repeat=\u00a0\u00bbrepeat\u00a0\u00bb][et_pb_column type=\u00a0\u00bb4_4&Prime; _builder_version=\u00a0\u00bb3.0.47&Prime; parallax=\u00a0\u00bboff\u00a0\u00bb parallax_method=\u00a0\u00bbon\u00a0\u00bb][et_pb_text _builder_version=\u00a0\u00bb3.15&Prime;]<\/p>\n<p>Pour davantage d\u2019informations sur le CECR,\u00a0<span style=\"text-decoration: underline;\"><strong><a href=\"https:\/\/www.coe.int\/fr\/web\/common-european-framework-reference-languages\/home?\" target=\"_blank\" rel=\"noopener noreferrer\">consultez le site du Conseil de l\u2019Europe.<\/a><\/strong><\/span><\/p>\n<p>[\/et_pb_text][\/et_pb_column][\/et_pb_row][\/et_pb_section]<\/p>\n","protected":false},"excerpt":{"rendered":"<p>[et_pb_section fb_built=\u00a0\u00bb1&Prime; _builder_version=\u00a0\u00bb3.0.95&Prime; custom_padding=\u00a0\u00bb0px|0px|54px|0px\u00a0\u00bb][et_pb_row custom_padding=\u00a0\u00bb27px|0px|3px|0px\u00a0\u00bb _builder_version=\u00a0\u00bb3.0.91&Prime;][et_pb_column type=\u00a0\u00bb4_4&Prime; _builder_version=\u00a0\u00bb3.0.47&Prime; parallax=\u00a0\u00bboff\u00a0\u00bb parallax_method=\u00a0\u00bbon\u00a0\u00bb][et_pb_text _builder_version=\u00a0\u00bb3.15&Prime; text_font=\u00a0\u00bb||||||||\u00a0\u00bb text_text_color=\u00a0\u00bb#000000&Prime;] *Qu&rsquo;est-ce que le CECR? Le CECR &#8211; Cadre Europ\u00e9en Commun de R\u00e9f\u00e9rence pour les langues &#8211; est un outil comprenant des crit\u00e8res qui soulignent ce que vous \u00eates capable de faire dans des situations de la vie r\u00e9elle. Cette grille a \u00e9t\u00e9 [&hellip;]<\/p>\n","protected":false},"author":1,"featured_media":0,"parent":0,"menu_order":0,"comment_status":"closed","ping_status":"closed","template":"","meta":{"_et_pb_use_builder":"on","_et_pb_old_content":"","_et_gb_content_width":""},"yoast_head":"<!-- This site is optimized with the Yoast SEO plugin v18.6 - https:\/\/yoast.com\/wordpress\/plugins\/seo\/ -->\n<title>cecr - SpeakLive<\/title>\n<meta name=\"robots\" content=\"index, follow, max-snippet:-1, max-image-preview:large, max-video-preview:-1\" \/>\n<link rel=\"canonical\" href=\"https:\/\/speaklive.ch\/fr\/cecr\/\" \/>\n<meta property=\"og:locale\" content=\"fr_FR\" \/>\n<meta property=\"og:type\" content=\"article\" \/>\n<meta property=\"og:title\" content=\"cecr - SpeakLive\" \/>\n<meta property=\"og:description\" content=\"[et_pb_section fb_built=\u00a0\u00bb1&Prime; _builder_version=\u00a0\u00bb3.0.95&Prime; custom_padding=\u00a0\u00bb0px|0px|54px|0px\u00a0\u00bb][et_pb_row custom_padding=\u00a0\u00bb27px|0px|3px|0px\u00a0\u00bb _builder_version=\u00a0\u00bb3.0.91&Prime;][et_pb_column type=\u00a0\u00bb4_4&Prime; _builder_version=\u00a0\u00bb3.0.47&Prime; parallax=\u00a0\u00bboff\u00a0\u00bb parallax_method=\u00a0\u00bbon\u00a0\u00bb][et_pb_text _builder_version=\u00a0\u00bb3.15&Prime; text_font=\u00a0\u00bb||||||||\u00a0\u00bb text_text_color=\u00a0\u00bb#000000&Prime;] *Qu&rsquo;est-ce que le CECR? Le CECR &#8211; Cadre Europ\u00e9en Commun de R\u00e9f\u00e9rence pour les langues &#8211; est un outil comprenant des crit\u00e8res qui soulignent ce que vous \u00eates capable de faire dans des situations de la vie r\u00e9elle. Cette grille a \u00e9t\u00e9 [&hellip;]\" \/>\n<meta property=\"og:url\" content=\"https:\/\/speaklive.ch\/fr\/cecr\/\" \/>\n<meta property=\"og:site_name\" content=\"SpeakLive\" \/>\n<meta property=\"article:publisher\" content=\"https:\/\/www.facebook.com\/SpeakLive-1941415536111786\/\" \/>\n<meta property=\"article:modified_time\" content=\"2018-09-28T17:37:41+00:00\" \/>\n<meta name=\"twitter:card\" content=\"summary_large_image\" \/>\n<meta name=\"twitter:label1\" content=\"Dur\u00e9e de lecture estim\u00e9e\" \/>\n\t<meta name=\"twitter:data1\" content=\"4 minutes\" \/>\n<script type=\"application\/ld+json\" class=\"yoast-schema-graph\">{\"@context\":\"https:\/\/schema.org\",\"@graph\":[{\"@type\":\"WebSite\",\"@id\":\"https:\/\/speaklive.ch\/#website\",\"url\":\"https:\/\/speaklive.ch\/\",\"name\":\"SpeakLive\",\"description\":\"Immersion linguistique et cours de langue en ligne\",\"potentialAction\":[{\"@type\":\"SearchAction\",\"target\":{\"@type\":\"EntryPoint\",\"urlTemplate\":\"https:\/\/speaklive.ch\/?s={search_term_string}\"},\"query-input\":\"required name=search_term_string\"}],\"inLanguage\":\"fr-FR\"},{\"@type\":\"WebPage\",\"@id\":\"https:\/\/speaklive.ch\/fr\/cecr\/#webpage\",\"url\":\"https:\/\/speaklive.ch\/fr\/cecr\/\",\"name\":\"cecr - SpeakLive\",\"isPartOf\":{\"@id\":\"https:\/\/speaklive.ch\/#website\"},\"datePublished\":\"2018-09-28T17:25:53+00:00\",\"dateModified\":\"2018-09-28T17:37:41+00:00\",\"breadcrumb\":{\"@id\":\"https:\/\/speaklive.ch\/fr\/cecr\/#breadcrumb\"},\"inLanguage\":\"fr-FR\",\"potentialAction\":[{\"@type\":\"ReadAction\",\"target\":[\"https:\/\/speaklive.ch\/fr\/cecr\/\"]}]},{\"@type\":\"BreadcrumbList\",\"@id\":\"https:\/\/speaklive.ch\/fr\/cecr\/#breadcrumb\",\"itemListElement\":[{\"@type\":\"ListItem\",\"position\":1,\"name\":\"Accueil\",\"item\":\"https:\/\/speaklive.ch\/fr\/\"},{\"@type\":\"ListItem\",\"position\":2,\"name\":\"cecr\"}]}]}<\/script>\n<!-- \/ Yoast SEO plugin. -->","yoast_head_json":{"title":"cecr - SpeakLive","robots":{"index":"index","follow":"follow","max-snippet":"max-snippet:-1","max-image-preview":"max-image-preview:large","max-video-preview":"max-video-preview:-1"},"canonical":"https:\/\/speaklive.ch\/fr\/cecr\/","og_locale":"fr_FR","og_type":"article","og_title":"cecr - SpeakLive","og_description":"[et_pb_section fb_built=\u00a0\u00bb1&Prime; _builder_version=\u00a0\u00bb3.0.95&Prime; custom_padding=\u00a0\u00bb0px|0px|54px|0px\u00a0\u00bb][et_pb_row custom_padding=\u00a0\u00bb27px|0px|3px|0px\u00a0\u00bb _builder_version=\u00a0\u00bb3.0.91&Prime;][et_pb_column type=\u00a0\u00bb4_4&Prime; _builder_version=\u00a0\u00bb3.0.47&Prime; parallax=\u00a0\u00bboff\u00a0\u00bb parallax_method=\u00a0\u00bbon\u00a0\u00bb][et_pb_text _builder_version=\u00a0\u00bb3.15&Prime; text_font=\u00a0\u00bb||||||||\u00a0\u00bb text_text_color=\u00a0\u00bb#000000&Prime;] *Qu&rsquo;est-ce que le CECR? Le CECR &#8211; Cadre Europ\u00e9en Commun de R\u00e9f\u00e9rence pour les langues &#8211; est un outil comprenant des crit\u00e8res qui soulignent ce que vous \u00eates capable de faire dans des situations de la vie r\u00e9elle. Cette grille a \u00e9t\u00e9 [&hellip;]","og_url":"https:\/\/speaklive.ch\/fr\/cecr\/","og_site_name":"SpeakLive","article_publisher":"https:\/\/www.facebook.com\/SpeakLive-1941415536111786\/","article_modified_time":"2018-09-28T17:37:41+00:00","twitter_card":"summary_large_image","twitter_misc":{"Dur\u00e9e de lecture estim\u00e9e":"4 minutes"},"schema":{"@context":"https:\/\/schema.org","@graph":[{"@type":"WebSite","@id":"https:\/\/speaklive.ch\/#website","url":"https:\/\/speaklive.ch\/","name":"SpeakLive","description":"Immersion linguistique et cours de langue en ligne","potentialAction":[{"@type":"SearchAction","target":{"@type":"EntryPoint","urlTemplate":"https:\/\/speaklive.ch\/?s={search_term_string}"},"query-input":"required name=search_term_string"}],"inLanguage":"fr-FR"},{"@type":"WebPage","@id":"https:\/\/speaklive.ch\/fr\/cecr\/#webpage","url":"https:\/\/speaklive.ch\/fr\/cecr\/","name":"cecr - SpeakLive","isPartOf":{"@id":"https:\/\/speaklive.ch\/#website"},"datePublished":"2018-09-28T17:25:53+00:00","dateModified":"2018-09-28T17:37:41+00:00","breadcrumb":{"@id":"https:\/\/speaklive.ch\/fr\/cecr\/#breadcrumb"},"inLanguage":"fr-FR","potentialAction":[{"@type":"ReadAction","target":["https:\/\/speaklive.ch\/fr\/cecr\/"]}]},{"@type":"BreadcrumbList","@id":"https:\/\/speaklive.ch\/fr\/cecr\/#breadcrumb","itemListElement":[{"@type":"ListItem","position":1,"name":"Accueil","item":"https:\/\/speaklive.ch\/fr\/"},{"@type":"ListItem","position":2,"name":"cecr"}]}]}},"_links":{"self":[{"href":"https:\/\/speaklive.ch\/fr\/wp-json\/wp\/v2\/pages\/6889"}],"collection":[{"href":"https:\/\/speaklive.ch\/fr\/wp-json\/wp\/v2\/pages"}],"about":[{"href":"https:\/\/speaklive.ch\/fr\/wp-json\/wp\/v2\/types\/page"}],"author":[{"embeddable":true,"href":"https:\/\/speaklive.ch\/fr\/wp-json\/wp\/v2\/users\/1"}],"replies":[{"embeddable":true,"href":"https:\/\/speaklive.ch\/fr\/wp-json\/wp\/v2\/comments?post=6889"}],"version-history":[{"count":3,"href":"https:\/\/speaklive.ch\/fr\/wp-json\/wp\/v2\/pages\/6889\/revisions"}],"predecessor-version":[{"id":6898,"href":"https:\/\/speaklive.ch\/fr\/wp-json\/wp\/v2\/pages\/6889\/revisions\/6898"}],"wp:attachment":[{"href":"https:\/\/speaklive.ch\/fr\/wp-json\/wp\/v2\/media?parent=6889"}],"curies":[{"name":"wp","href":"https:\/\/api.w.org\/{rel}","templated":true}]}}