{"id":6205,"date":"2018-09-19T12:26:59","date_gmt":"2018-09-19T10:26:59","guid":{"rendered":"https:\/\/speaklive.ch\/?page_id=6205"},"modified":"2021-09-04T00:14:14","modified_gmt":"2021-09-03T22:14:14","slug":"notre-mission-philosophie-2","status":"publish","type":"page","link":"https:\/\/speaklive.ch\/fr\/notre-mission-philosophie-2\/","title":{"rendered":"Pourquoi Nous?"},"content":{"rendered":"<p>[et_pb_section fb_built=\u00a0\u00bb1&Prime; admin_label=\u00a0\u00bbsection\u00a0\u00bb _builder_version=\u00a0\u00bb3.22.3&Prime; background_color=\u00a0\u00bb#111111&Prime; custom_padding=\u00a0\u00bb54px||37px||false|false\u00a0\u00bb][et_pb_row module_class=\u00a0\u00bb et_pb_row_fullwidth\u00a0\u00bb _builder_version=\u00a0\u00bb3.25&Prime; width=\u00a0\u00bb89%\u00a0\u00bb width_tablet=\u00a0\u00bb80%\u00a0\u00bb width_phone=\u00a0\u00bb\u00a0\u00bb width_last_edited=\u00a0\u00bbon|desktop\u00a0\u00bb max_width=\u00a0\u00bb89%\u00a0\u00bb max_width_tablet=\u00a0\u00bb80%\u00a0\u00bb max_width_phone=\u00a0\u00bb\u00a0\u00bb max_width_last_edited=\u00a0\u00bbon|desktop\u00a0\u00bb custom_padding=\u00a0\u00bb0|0px|27px|0px|false|false\u00a0\u00bb make_fullwidth=\u00a0\u00bbon\u00a0\u00bb][et_pb_column type=\u00a0\u00bb4_4&Prime; _builder_version=\u00a0\u00bb3.25&Prime; custom_padding=\u00a0\u00bb|||\u00a0\u00bb custom_padding__hover=\u00a0\u00bb|||\u00a0\u00bb][et_pb_blurb title=\u00a0\u00bbNOTRE MISSION&#8230;\u00a0\u00bb image=\u00a0\u00bbhttps:\/\/speaklive.ch\/wp-content\/uploads\/2021\/09\/Cest-la-rentree-des-langues.png\u00a0\u00bb image_max_width=\u00a0\u00bb45%\u00a0\u00bb content_max_width=\u00a0\u00bb1100px\u00a0\u00bb _builder_version=\u00a0\u00bb4.9.7&Prime; header_level=\u00a0\u00bbh1&Prime; header_font=\u00a0\u00bb||on||||||\u00a0\u00bb header_text_color=\u00a0\u00bb#ffffff\u00a0\u00bb body_font=\u00a0\u00bb||||||||\u00a0\u00bb body_text_color=\u00a0\u00bb#ffffff\u00a0\u00bb body_font_size_tablet=\u00a0\u00bb\u00a0\u00bb body_font_size_phone=\u00a0\u00bb15px\u00a0\u00bb body_font_size_last_edited=\u00a0\u00bbon|phone\u00a0\u00bb]<\/p>\n<p>\u00a0 Nous vivons d\u00e9sormais dans un monde digitalis\u00e9 o\u00f9 notre temps est pr\u00e9cieux. \u00c0\u00a0SpeakLive!, nous sommes convaincus des nombreux avantages qu\u2019offre la formation linguistique en ligne. Cependant, nous croyons \u00e9galement que le contact humain reste primordiale dans l\u2019apprentissage. C\u2019est pourquoi nous apportons une\u00a0r\u00e9elle dimension humaine\u00a0\u00e0 votre<strong>\u00a0<\/strong>e-learning. Notre mission est de vous aider \u00e0 ouvrir davantage de portes au sein de la communaut\u00e9 internationale et interconnect\u00e9e grandissante dans laquelle nous vivons. Faire en sorte que ce processus soit aussi facile et agr\u00e9able que possible est notre objectif principal !<\/p>\n<p>[\/et_pb_blurb][\/et_pb_column][\/et_pb_row][et_pb_row module_class=\u00a0\u00bb et_pb_row_fullwidth\u00a0\u00bb _builder_version=\u00a0\u00bb3.25&Prime; width=\u00a0\u00bb89%\u00a0\u00bb width_tablet=\u00a0\u00bb80%\u00a0\u00bb width_phone=\u00a0\u00bb\u00a0\u00bb width_last_edited=\u00a0\u00bbon|desktop\u00a0\u00bb max_width=\u00a0\u00bb89%\u00a0\u00bb max_width_tablet=\u00a0\u00bb80%\u00a0\u00bb max_width_phone=\u00a0\u00bb\u00a0\u00bb max_width_last_edited=\u00a0\u00bbon|desktop\u00a0\u00bb make_fullwidth=\u00a0\u00bbon\u00a0\u00bb][et_pb_column type=\u00a0\u00bb4_4&Prime; _builder_version=\u00a0\u00bb3.25&Prime; custom_padding=\u00a0\u00bb|||\u00a0\u00bb custom_padding__hover=\u00a0\u00bb|||\u00a0\u00bb][et_pb_toggle title=\u00a0\u00bbNOTRE PHILOSOPHIE\u00a0\u00bb open_toggle_text_color=\u00a0\u00bb#4f4f4f\u00a0\u00bb open_toggle_background_color=\u00a0\u00bb#ffffff\u00a0\u00bb closed_toggle_text_color=\u00a0\u00bb#ffffff\u00a0\u00bb closed_toggle_background_color=\u00a0\u00bbrgba(255,255,255,0.03)\u00a0\u00bb icon_color=\u00a0\u00bb#ffffff\u00a0\u00bb _builder_version=\u00a0\u00bb3.15&Prime; title_text_color=\u00a0\u00bb#ffffff\u00a0\u00bb title_level=\u00a0\u00bbh3&Prime; title_font=\u00a0\u00bb|600|||||||\u00a0\u00bb title_text_align=\u00a0\u00bbcenter\u00a0\u00bb body_font=\u00a0\u00bb||||||||\u00a0\u00bb max_width=\u00a0\u00bb43%\u00a0\u00bb max_width_tablet=\u00a0\u00bb\u00a0\u00bb max_width_phone=\u00a0\u00bb100%\u00a0\u00bb max_width_last_edited=\u00a0\u00bbon|phone\u00a0\u00bb module_alignment=\u00a0\u00bbcenter\u00a0\u00bb animation_style=\u00a0\u00bbzoom\u00a0\u00bb title_font_size_tablet=\u00a0\u00bb\u00a0\u00bb title_font_size_phone=\u00a0\u00bb18px\u00a0\u00bb title_font_size_last_edited=\u00a0\u00bbon|phone\u00a0\u00bb body_font_size_tablet=\u00a0\u00bb\u00a0\u00bb body_font_size_phone=\u00a0\u00bb15px\u00a0\u00bb body_font_size_last_edited=\u00a0\u00bbon|phone\u00a0\u00bb]<\/p>\n<p><strong>Nos vies sont suffisamment stressantes ! Apprendre une langue n\u2019a pas besoin de l\u2019\u00eatre !\u00a0<\/strong> Nous pensons qu\u2019apprendre\u00a0<strong>\u00e0 son rythme<\/strong>\u00a0avec son coach personnel, dans un environnement d\u00e9contract\u00e9 vous aidera consid\u00e9rablement \u00e0\u00a0<strong>prendre en confiance en vous<\/strong>\u00a0pour pouvoir \u00eatre davantage op\u00e9rationnel dans la langue cible chaque fois que vous en aurez besoin. Vous aurez \u00e9galement la possibilit\u00e9 d\u2019accro\u00eetre vos connaissances par vous-m\u00eame,\u00a0<strong>d\u00e8s que vous aurez un petit moment \u00e0 y consacrer<\/strong><strong>,<\/strong>\u00a0gr\u00e2ce aux t\u00e2ches motivantes et extr\u00eamement personnalis\u00e9es que votre coach vous donnera \u00e0 faire, en plus des ressources divertissantes que nous mettons \u00e0 votre disposition. <strong>Nous sommes des experts linguistiques passionn\u00e9s, et nous voulons partager cette passion avec vous !<\/strong><\/p>\n<p>[\/et_pb_toggle][\/et_pb_column][\/et_pb_row][\/et_pb_section][et_pb_section fb_built=\u00a0\u00bb1&Prime; admin_label=\u00a0\u00bbsection\u00a0\u00bb _builder_version=\u00a0\u00bb3.22.3&Prime; background_color=\u00a0\u00bb#ffffff\u00a0\u00bb custom_padding=\u00a0\u00bb54px|0px|37px|0px\u00a0\u00bb][et_pb_row _builder_version=\u00a0\u00bb3.25&Prime; custom_padding=\u00a0\u00bb0|0px|27px|0px|false|false\u00a0\u00bb][et_pb_column type=\u00a0\u00bb4_4&Prime; _builder_version=\u00a0\u00bb3.25&Prime; custom_padding=\u00a0\u00bb|||\u00a0\u00bb custom_padding__hover=\u00a0\u00bb|||\u00a0\u00bb][et_pb_blurb title=\u00a0\u00bbQui sommes-nous? Ou&#8230; Qui ne sommes-nous pas? \u00a0\u00bb image=\u00a0\u00bbhttps:\/\/speaklive.ch\/wp-content\/uploads\/2020\/08\/IMG_1657-5.jpg\u00a0\u00bb image_max_width=\u00a0\u00bb20%\u00a0\u00bb content_max_width=\u00a0\u00bb1100px\u00a0\u00bb image_max_width_tablet=\u00a0\u00bb\u00a0\u00bb image_max_width_phone=\u00a0\u00bb33%\u00a0\u00bb image_max_width_last_edited=\u00a0\u00bbon|phone\u00a0\u00bb _builder_version=\u00a0\u00bb4.9.7&Prime; header_level=\u00a0\u00bbh1&Prime; header_font=\u00a0\u00bb|700|||||||\u00a0\u00bb header_text_align=\u00a0\u00bbcenter\u00a0\u00bb header_text_color=\u00a0\u00bbrgba(0,0,0,0.76)\u00a0\u00bb body_font=\u00a0\u00bb||||||||\u00a0\u00bb background_color=\u00a0\u00bb#ffffff\u00a0\u00bb animation=\u00a0\u00bboff\u00a0\u00bb hover_enabled=\u00a0\u00bb0&Prime; body_font_size_tablet=\u00a0\u00bb\u00a0\u00bb body_font_size_phone=\u00a0\u00bb15px\u00a0\u00bb body_font_size_last_edited=\u00a0\u00bbon|phone\u00a0\u00bb box_shadow_style_image=\u00a0\u00bbpreset1&Prime; sticky_enabled=\u00a0\u00bb0&Prime;]<\/p>\n<p><strong>Nous ne proposons pas de programmes e-learning fastidieux laissant peu de place \u00e0 l\u2019interaction, et nous ne sommes pas non plus une plateforme mettant en relation de fa\u00e7on impersonnelle des professeurs et des \u00e9tudiants !\u00a0<\/strong><\/p>\n<p><strong>SpeakUp!French4Expats\u00a0<\/strong>qui est ensuite devenu<strong>\u00a0SpeakLive\u00a0<\/strong>a \u00e9t\u00e9 lanc\u00e9 en 2014 par Aur\u00e9lie Defrize,<strong>\u00a0une amoureuse des langues, p\u00e9dagogue passionn\u00e9e, et voyageuse dans l\u2019\u00e2me.\u00a0<\/strong>\u00a0Avec SpeakLive, l\u2019id\u00e9e \u00e9tait de cr\u00e9er une \u00e9quipe d\u2019experts linguistiques ayant la m\u00eame philosophie ainsi que des exp\u00e9riences et un parcours professionnel diff\u00e9rent\u00a0\u00a0<strong>pour pouvoir satisfaire les besoins de tous nos clients<\/strong>.<\/p>\n<p>Nos coachs natifs sont tous\u00a0<strong>diplom\u00e9s d\u2019universit\u00e9<\/strong>\u00a0avec une vaste\u00a0<strong>exp\u00e9rience dans l\u2019enseignement<\/strong>\u00a0<strong>des langues,\u00a0<\/strong>et viennent de diff\u00e9rents horizons. Ce sont des professionnels\u00a0<strong>d\u00e9vou\u00e9s, patients, sympas, dot\u00e9s de comp\u00e9tences p\u00e9dagogiques r\u00e9v\u00e9l\u00e9es. Ils vous aideront \u00e0 atteindre vos objectifs rapidement !<\/strong><\/p>\n<p>Quand vous vous inscrivez \u00e0 un programme d\u2019apprentissage, nous prenons le temps d\u2019analyser avec soin\u00a0<strong>vos besoins et demandes particuli\u00e8res\u00a0<\/strong>afin de pouvoir vous attribuer\u00a0<strong>le coach qui correspond le mieux \u00e0 votre profil<\/strong>.<\/p>\n<p>[\/et_pb_blurb][\/et_pb_column][\/et_pb_row][\/et_pb_section]<\/p>\n","protected":false},"excerpt":{"rendered":"<p>[et_pb_section fb_built=\u00a0\u00bb1&Prime; admin_label=\u00a0\u00bbsection\u00a0\u00bb _builder_version=\u00a0\u00bb3.22.3&Prime; background_color=\u00a0\u00bb#111111&Prime; custom_padding=\u00a0\u00bb54px||37px||false|false\u00a0\u00bb][et_pb_row module_class=\u00a0\u00bb et_pb_row_fullwidth\u00a0\u00bb _builder_version=\u00a0\u00bb3.25&Prime; width=\u00a0\u00bb89%\u00a0\u00bb width_tablet=\u00a0\u00bb80%\u00a0\u00bb width_phone=\u00a0\u00bb\u00a0\u00bb width_last_edited=\u00a0\u00bbon|desktop\u00a0\u00bb max_width=\u00a0\u00bb89%\u00a0\u00bb max_width_tablet=\u00a0\u00bb80%\u00a0\u00bb max_width_phone=\u00a0\u00bb\u00a0\u00bb max_width_last_edited=\u00a0\u00bbon|desktop\u00a0\u00bb custom_padding=\u00a0\u00bb0|0px|27px|0px|false|false\u00a0\u00bb make_fullwidth=\u00a0\u00bbon\u00a0\u00bb][et_pb_column type=\u00a0\u00bb4_4&Prime; _builder_version=\u00a0\u00bb3.25&Prime; custom_padding=\u00a0\u00bb|||\u00a0\u00bb custom_padding__hover=\u00a0\u00bb|||\u00a0\u00bb][et_pb_blurb title=\u00a0\u00bbNOTRE MISSION&#8230;\u00a0\u00bb image=\u00a0\u00bbhttps:\/\/speaklive.ch\/wp-content\/uploads\/2021\/09\/Cest-la-rentree-des-langues.png\u00a0\u00bb image_max_width=\u00a0\u00bb45%\u00a0\u00bb content_max_width=\u00a0\u00bb1100px\u00a0\u00bb _builder_version=\u00a0\u00bb4.9.7&Prime; header_level=\u00a0\u00bbh1&Prime; header_font=\u00a0\u00bb||on||||||\u00a0\u00bb header_text_color=\u00a0\u00bb#ffffff\u00a0\u00bb body_font=\u00a0\u00bb||||||||\u00a0\u00bb body_text_color=\u00a0\u00bb#ffffff\u00a0\u00bb body_font_size_tablet=\u00a0\u00bb\u00a0\u00bb body_font_size_phone=\u00a0\u00bb15px\u00a0\u00bb body_font_size_last_edited=\u00a0\u00bbon|phone\u00a0\u00bb] \u00a0 Nous vivons d\u00e9sormais dans un monde digitalis\u00e9 o\u00f9 notre temps est pr\u00e9cieux. \u00c0\u00a0SpeakLive!, nous sommes convaincus des [&hellip;]<\/p>\n","protected":false},"author":1,"featured_media":0,"parent":0,"menu_order":0,"comment_status":"closed","ping_status":"closed","template":"","meta":{"_et_pb_use_builder":"on","_et_pb_old_content":"","_et_gb_content_width":""},"yoast_head":"<!-- This site is optimized with the Yoast SEO plugin v18.6 - https:\/\/yoast.com\/wordpress\/plugins\/seo\/ -->\n<title>Pourquoi Nous? - SpeakLive<\/title>\n<meta name=\"robots\" content=\"index, follow, max-snippet:-1, max-image-preview:large, max-video-preview:-1\" \/>\n<link rel=\"canonical\" href=\"https:\/\/speaklive.ch\/fr\/notre-mission-philosophie-2\/\" \/>\n<meta property=\"og:locale\" content=\"fr_FR\" \/>\n<meta property=\"og:type\" content=\"article\" \/>\n<meta property=\"og:title\" content=\"Pourquoi Nous? - SpeakLive\" \/>\n<meta property=\"og:description\" content=\"[et_pb_section fb_built=\u00a0\u00bb1&Prime; admin_label=\u00a0\u00bbsection\u00a0\u00bb _builder_version=\u00a0\u00bb3.22.3&Prime; background_color=\u00a0\u00bb#111111&Prime; custom_padding=\u00a0\u00bb54px||37px||false|false\u00a0\u00bb][et_pb_row module_class=\u00a0\u00bb et_pb_row_fullwidth\u00a0\u00bb _builder_version=\u00a0\u00bb3.25&Prime; width=\u00a0\u00bb89%\u00a0\u00bb width_tablet=\u00a0\u00bb80%\u00a0\u00bb width_phone=\u00a0\u00bb\u00a0\u00bb width_last_edited=\u00a0\u00bbon|desktop\u00a0\u00bb max_width=\u00a0\u00bb89%\u00a0\u00bb max_width_tablet=\u00a0\u00bb80%\u00a0\u00bb max_width_phone=\u00a0\u00bb\u00a0\u00bb max_width_last_edited=\u00a0\u00bbon|desktop\u00a0\u00bb custom_padding=\u00a0\u00bb0|0px|27px|0px|false|false\u00a0\u00bb make_fullwidth=\u00a0\u00bbon\u00a0\u00bb][et_pb_column type=\u00a0\u00bb4_4&Prime; _builder_version=\u00a0\u00bb3.25&Prime; custom_padding=\u00a0\u00bb|||\u00a0\u00bb custom_padding__hover=\u00a0\u00bb|||\u00a0\u00bb][et_pb_blurb title=\u00a0\u00bbNOTRE MISSION&#8230;\u00a0\u00bb image=\u00a0\u00bbhttps:\/\/speaklive.ch\/wp-content\/uploads\/2021\/09\/Cest-la-rentree-des-langues.png\u00a0\u00bb image_max_width=\u00a0\u00bb45%\u00a0\u00bb content_max_width=\u00a0\u00bb1100px\u00a0\u00bb _builder_version=\u00a0\u00bb4.9.7&Prime; header_level=\u00a0\u00bbh1&Prime; header_font=\u00a0\u00bb||on||||||\u00a0\u00bb header_text_color=\u00a0\u00bb#ffffff\u00a0\u00bb body_font=\u00a0\u00bb||||||||\u00a0\u00bb body_text_color=\u00a0\u00bb#ffffff\u00a0\u00bb body_font_size_tablet=\u00a0\u00bb\u00a0\u00bb body_font_size_phone=\u00a0\u00bb15px\u00a0\u00bb body_font_size_last_edited=\u00a0\u00bbon|phone\u00a0\u00bb] \u00a0 Nous vivons d\u00e9sormais dans un monde digitalis\u00e9 o\u00f9 notre temps est pr\u00e9cieux. \u00c0\u00a0SpeakLive!, nous sommes convaincus des [&hellip;]\" \/>\n<meta property=\"og:url\" content=\"https:\/\/speaklive.ch\/fr\/notre-mission-philosophie-2\/\" \/>\n<meta property=\"og:site_name\" content=\"SpeakLive\" \/>\n<meta property=\"article:publisher\" content=\"https:\/\/www.facebook.com\/SpeakLive-1941415536111786\/\" \/>\n<meta property=\"article:modified_time\" content=\"2021-09-03T22:14:14+00:00\" \/>\n<meta name=\"twitter:card\" content=\"summary_large_image\" \/>\n<meta name=\"twitter:label1\" content=\"Dur\u00e9e de lecture estim\u00e9e\" \/>\n\t<meta name=\"twitter:data1\" content=\"4 minutes\" \/>\n<script type=\"application\/ld+json\" class=\"yoast-schema-graph\">{\"@context\":\"https:\/\/schema.org\",\"@graph\":[{\"@type\":\"WebSite\",\"@id\":\"https:\/\/speaklive.ch\/#website\",\"url\":\"https:\/\/speaklive.ch\/\",\"name\":\"SpeakLive\",\"description\":\"Immersion linguistique et cours de langue en ligne\",\"potentialAction\":[{\"@type\":\"SearchAction\",\"target\":{\"@type\":\"EntryPoint\",\"urlTemplate\":\"https:\/\/speaklive.ch\/?s={search_term_string}\"},\"query-input\":\"required name=search_term_string\"}],\"inLanguage\":\"fr-FR\"},{\"@type\":\"WebPage\",\"@id\":\"https:\/\/speaklive.ch\/fr\/notre-mission-philosophie-2\/#webpage\",\"url\":\"https:\/\/speaklive.ch\/fr\/notre-mission-philosophie-2\/\",\"name\":\"Pourquoi Nous? - SpeakLive\",\"isPartOf\":{\"@id\":\"https:\/\/speaklive.ch\/#website\"},\"datePublished\":\"2018-09-19T10:26:59+00:00\",\"dateModified\":\"2021-09-03T22:14:14+00:00\",\"breadcrumb\":{\"@id\":\"https:\/\/speaklive.ch\/fr\/notre-mission-philosophie-2\/#breadcrumb\"},\"inLanguage\":\"fr-FR\",\"potentialAction\":[{\"@type\":\"ReadAction\",\"target\":[\"https:\/\/speaklive.ch\/fr\/notre-mission-philosophie-2\/\"]}]},{\"@type\":\"BreadcrumbList\",\"@id\":\"https:\/\/speaklive.ch\/fr\/notre-mission-philosophie-2\/#breadcrumb\",\"itemListElement\":[{\"@type\":\"ListItem\",\"position\":1,\"name\":\"Accueil\",\"item\":\"https:\/\/speaklive.ch\/fr\/\"},{\"@type\":\"ListItem\",\"position\":2,\"name\":\"Pourquoi Nous?\"}]}]}<\/script>\n<!-- \/ Yoast SEO plugin. -->","yoast_head_json":{"title":"Pourquoi Nous? - SpeakLive","robots":{"index":"index","follow":"follow","max-snippet":"max-snippet:-1","max-image-preview":"max-image-preview:large","max-video-preview":"max-video-preview:-1"},"canonical":"https:\/\/speaklive.ch\/fr\/notre-mission-philosophie-2\/","og_locale":"fr_FR","og_type":"article","og_title":"Pourquoi Nous? - SpeakLive","og_description":"[et_pb_section fb_built=\u00a0\u00bb1&Prime; admin_label=\u00a0\u00bbsection\u00a0\u00bb _builder_version=\u00a0\u00bb3.22.3&Prime; background_color=\u00a0\u00bb#111111&Prime; custom_padding=\u00a0\u00bb54px||37px||false|false\u00a0\u00bb][et_pb_row module_class=\u00a0\u00bb et_pb_row_fullwidth\u00a0\u00bb _builder_version=\u00a0\u00bb3.25&Prime; width=\u00a0\u00bb89%\u00a0\u00bb width_tablet=\u00a0\u00bb80%\u00a0\u00bb width_phone=\u00a0\u00bb\u00a0\u00bb width_last_edited=\u00a0\u00bbon|desktop\u00a0\u00bb max_width=\u00a0\u00bb89%\u00a0\u00bb max_width_tablet=\u00a0\u00bb80%\u00a0\u00bb max_width_phone=\u00a0\u00bb\u00a0\u00bb max_width_last_edited=\u00a0\u00bbon|desktop\u00a0\u00bb custom_padding=\u00a0\u00bb0|0px|27px|0px|false|false\u00a0\u00bb make_fullwidth=\u00a0\u00bbon\u00a0\u00bb][et_pb_column type=\u00a0\u00bb4_4&Prime; _builder_version=\u00a0\u00bb3.25&Prime; custom_padding=\u00a0\u00bb|||\u00a0\u00bb custom_padding__hover=\u00a0\u00bb|||\u00a0\u00bb][et_pb_blurb title=\u00a0\u00bbNOTRE MISSION&#8230;\u00a0\u00bb image=\u00a0\u00bbhttps:\/\/speaklive.ch\/wp-content\/uploads\/2021\/09\/Cest-la-rentree-des-langues.png\u00a0\u00bb image_max_width=\u00a0\u00bb45%\u00a0\u00bb content_max_width=\u00a0\u00bb1100px\u00a0\u00bb _builder_version=\u00a0\u00bb4.9.7&Prime; header_level=\u00a0\u00bbh1&Prime; header_font=\u00a0\u00bb||on||||||\u00a0\u00bb header_text_color=\u00a0\u00bb#ffffff\u00a0\u00bb body_font=\u00a0\u00bb||||||||\u00a0\u00bb body_text_color=\u00a0\u00bb#ffffff\u00a0\u00bb body_font_size_tablet=\u00a0\u00bb\u00a0\u00bb body_font_size_phone=\u00a0\u00bb15px\u00a0\u00bb body_font_size_last_edited=\u00a0\u00bbon|phone\u00a0\u00bb] \u00a0 Nous vivons d\u00e9sormais dans un monde digitalis\u00e9 o\u00f9 notre temps est pr\u00e9cieux. \u00c0\u00a0SpeakLive!, nous sommes convaincus des [&hellip;]","og_url":"https:\/\/speaklive.ch\/fr\/notre-mission-philosophie-2\/","og_site_name":"SpeakLive","article_publisher":"https:\/\/www.facebook.com\/SpeakLive-1941415536111786\/","article_modified_time":"2021-09-03T22:14:14+00:00","twitter_card":"summary_large_image","twitter_misc":{"Dur\u00e9e de lecture estim\u00e9e":"4 minutes"},"schema":{"@context":"https:\/\/schema.org","@graph":[{"@type":"WebSite","@id":"https:\/\/speaklive.ch\/#website","url":"https:\/\/speaklive.ch\/","name":"SpeakLive","description":"Immersion linguistique et cours de langue en ligne","potentialAction":[{"@type":"SearchAction","target":{"@type":"EntryPoint","urlTemplate":"https:\/\/speaklive.ch\/?s={search_term_string}"},"query-input":"required name=search_term_string"}],"inLanguage":"fr-FR"},{"@type":"WebPage","@id":"https:\/\/speaklive.ch\/fr\/notre-mission-philosophie-2\/#webpage","url":"https:\/\/speaklive.ch\/fr\/notre-mission-philosophie-2\/","name":"Pourquoi Nous? - SpeakLive","isPartOf":{"@id":"https:\/\/speaklive.ch\/#website"},"datePublished":"2018-09-19T10:26:59+00:00","dateModified":"2021-09-03T22:14:14+00:00","breadcrumb":{"@id":"https:\/\/speaklive.ch\/fr\/notre-mission-philosophie-2\/#breadcrumb"},"inLanguage":"fr-FR","potentialAction":[{"@type":"ReadAction","target":["https:\/\/speaklive.ch\/fr\/notre-mission-philosophie-2\/"]}]},{"@type":"BreadcrumbList","@id":"https:\/\/speaklive.ch\/fr\/notre-mission-philosophie-2\/#breadcrumb","itemListElement":[{"@type":"ListItem","position":1,"name":"Accueil","item":"https:\/\/speaklive.ch\/fr\/"},{"@type":"ListItem","position":2,"name":"Pourquoi Nous?"}]}]}},"_links":{"self":[{"href":"https:\/\/speaklive.ch\/fr\/wp-json\/wp\/v2\/pages\/6205"}],"collection":[{"href":"https:\/\/speaklive.ch\/fr\/wp-json\/wp\/v2\/pages"}],"about":[{"href":"https:\/\/speaklive.ch\/fr\/wp-json\/wp\/v2\/types\/page"}],"author":[{"embeddable":true,"href":"https:\/\/speaklive.ch\/fr\/wp-json\/wp\/v2\/users\/1"}],"replies":[{"embeddable":true,"href":"https:\/\/speaklive.ch\/fr\/wp-json\/wp\/v2\/comments?post=6205"}],"version-history":[{"count":29,"href":"https:\/\/speaklive.ch\/fr\/wp-json\/wp\/v2\/pages\/6205\/revisions"}],"predecessor-version":[{"id":7874,"href":"https:\/\/speaklive.ch\/fr\/wp-json\/wp\/v2\/pages\/6205\/revisions\/7874"}],"wp:attachment":[{"href":"https:\/\/speaklive.ch\/fr\/wp-json\/wp\/v2\/media?parent=6205"}],"curies":[{"name":"wp","href":"https:\/\/api.w.org\/{rel}","templated":true}]}}