{"id":6126,"date":"2018-09-05T09:33:20","date_gmt":"2018-09-05T07:33:20","guid":{"rendered":"https:\/\/speaklive.ch\/?page_id=6126"},"modified":"2018-09-05T10:01:13","modified_gmt":"2018-09-05T08:01:13","slug":"se-connecter","status":"publish","type":"page","link":"https:\/\/speaklive.ch\/fr\/se-connecter\/","title":{"rendered":"Se Connecter"},"content":{"rendered":"<p>[et_pb_section fb_built=\u00a0\u00bb1&Prime; _builder_version=\u00a0\u00bb3.2.1&Prime; background_image=\u00a0\u00bbhttps:\/\/speaklive.ch\/wp-content\/uploads\/2018\/05\/nick-morrison-325805-min.jpg\u00a0\u00bb custom_padding=\u00a0\u00bb0||168px||false|false\u00a0\u00bb][et_pb_row use_custom_width=\u00a0\u00bbon\u00a0\u00bb width_unit=\u00a0\u00bboff\u00a0\u00bb custom_width_percent=\u00a0\u00bb100%\u00a0\u00bb use_custom_gutter=\u00a0\u00bbon\u00a0\u00bb custom_padding=\u00a0\u00bb0|0px|0|0px|false|false\u00a0\u00bb _builder_version=\u00a0\u00bb3.13.1&Prime; background_size=\u00a0\u00bbinitial\u00a0\u00bb background_position=\u00a0\u00bbtop_left\u00a0\u00bb background_repeat=\u00a0\u00bbrepeat\u00a0\u00bb animation_style=\u00a0\u00bbzoom\u00a0\u00bb][et_pb_column type=\u00a0\u00bb4_4&Prime; _builder_version=\u00a0\u00bb3.0.47&Prime; parallax=\u00a0\u00bboff\u00a0\u00bb parallax_method=\u00a0\u00bbon\u00a0\u00bb][et_pb_text _builder_version=\u00a0\u00bb3.13.1&Prime; header_font=\u00a0\u00bb||||||||\u00a0\u00bb header_text_color=\u00a0\u00bb#ffffff\u00a0\u00bb background_color=\u00a0\u00bbrgba(76,80,93,0.36)\u00a0\u00bb]<\/p>\n<h1 style=\"text-align: center;\"><\/h1>\n<h1 style=\"text-align: center;\"><\/h1>\n<h1 style=\"text-align: center;\"><em>Entrez Dans Votre Nouvel Univers Linguistique&#8230;<\/em><\/h1>\n<p>&nbsp;[\/et_pb_text][\/et_pb_column][\/et_pb_row][et_pb_row custom_padding=\u00a0\u00bb120px|0px|0|0px|false|false\u00a0\u00bb _builder_version=\u00a0\u00bb3.0.98&Prime; background_size=\u00a0\u00bbinitial\u00a0\u00bb background_position=\u00a0\u00bbtop_left\u00a0\u00bb background_repeat=\u00a0\u00bbrepeat\u00a0\u00bb][et_pb_column type=\u00a0\u00bb1_2&Prime; _builder_version=\u00a0\u00bb3.0.47&Prime; parallax=\u00a0\u00bboff\u00a0\u00bb parallax_method=\u00a0\u00bbon\u00a0\u00bb][et_pb_button button_url=\u00a0\u00bbhttps:\/\/www.newrow.com\/u\/#\/signin?_k=is9nee\u00a0\u00bb url_new_window=\u00a0\u00bbon\u00a0\u00bb button_text=\u00a0\u00bbJ&rsquo;acc\u00e8de \u00e0 mon cours\u00a0\u00bb button_alignment=\u00a0\u00bbcenter\u00a0\u00bb _builder_version=\u00a0\u00bb3.13.1&Prime; custom_button=\u00a0\u00bbon\u00a0\u00bb button_text_size=\u00a0\u00bb31px\u00a0\u00bb button_text_color=\u00a0\u00bb#ffffff\u00a0\u00bb button_bg_color=\u00a0\u00bb#7cda24&Prime; button_border_width=\u00a0\u00bb0px\u00a0\u00bb button_font=\u00a0\u00bb||||||||\u00a0\u00bb button_icon=\u00a0\u00bb%%32%%\u00a0\u00bb button_on_hover=\u00a0\u00bboff\u00a0\u00bb background_layout=\u00a0\u00bbdark\u00a0\u00bb][\/et_pb_button][\/et_pb_column][et_pb_column type=\u00a0\u00bb1_2&Prime; _builder_version=\u00a0\u00bb3.0.47&Prime; parallax=\u00a0\u00bboff\u00a0\u00bb parallax_method=\u00a0\u00bbon\u00a0\u00bb][et_pb_button button_url=\u00a0\u00bbhttps:\/\/www.fluentu.com\/login\/\u00a0\u00bb url_new_window=\u00a0\u00bbon\u00a0\u00bb button_text=\u00a0\u00bbJ&rsquo;acc\u00e8de \u00e0 mes vid\u00e9os\u00a0\u00bb button_alignment=\u00a0\u00bbcenter\u00a0\u00bb _builder_version=\u00a0\u00bb3.13.1&Prime; custom_button=\u00a0\u00bbon\u00a0\u00bb button_text_size=\u00a0\u00bb31px\u00a0\u00bb button_bg_color=\u00a0\u00bb#32a3ec\u00a0\u00bb button_border_width=\u00a0\u00bb0px\u00a0\u00bb button_font=\u00a0\u00bb||||||||\u00a0\u00bb button_icon=\u00a0\u00bb%%32%%\u00a0\u00bb button_on_hover=\u00a0\u00bboff\u00a0\u00bb background_layout=\u00a0\u00bbdark\u00a0\u00bb][\/et_pb_button][\/et_pb_column][\/et_pb_row][\/et_pb_section]<\/p>\n","protected":false},"excerpt":{"rendered":"<p>[et_pb_section fb_built=\u00a0\u00bb1&Prime; _builder_version=\u00a0\u00bb3.2.1&Prime; background_image=\u00a0\u00bbhttps:\/\/speaklive.ch\/wp-content\/uploads\/2018\/05\/nick-morrison-325805-min.jpg\u00a0\u00bb custom_padding=\u00a0\u00bb0||168px||false|false\u00a0\u00bb][et_pb_row use_custom_width=\u00a0\u00bbon\u00a0\u00bb width_unit=\u00a0\u00bboff\u00a0\u00bb custom_width_percent=\u00a0\u00bb100%\u00a0\u00bb use_custom_gutter=\u00a0\u00bbon\u00a0\u00bb custom_padding=\u00a0\u00bb0|0px|0|0px|false|false\u00a0\u00bb _builder_version=\u00a0\u00bb3.13.1&Prime; background_size=\u00a0\u00bbinitial\u00a0\u00bb background_position=\u00a0\u00bbtop_left\u00a0\u00bb background_repeat=\u00a0\u00bbrepeat\u00a0\u00bb animation_style=\u00a0\u00bbzoom\u00a0\u00bb][et_pb_column type=\u00a0\u00bb4_4&Prime; _builder_version=\u00a0\u00bb3.0.47&Prime; parallax=\u00a0\u00bboff\u00a0\u00bb parallax_method=\u00a0\u00bbon\u00a0\u00bb][et_pb_text _builder_version=\u00a0\u00bb3.13.1&Prime; header_font=\u00a0\u00bb||||||||\u00a0\u00bb header_text_color=\u00a0\u00bb#ffffff\u00a0\u00bb background_color=\u00a0\u00bbrgba(76,80,93,0.36)\u00a0\u00bb] Entrez Dans Votre Nouvel Univers Linguistique&#8230; &nbsp;[\/et_pb_text][\/et_pb_column][\/et_pb_row][et_pb_row custom_padding=\u00a0\u00bb120px|0px|0|0px|false|false\u00a0\u00bb _builder_version=\u00a0\u00bb3.0.98&Prime; background_size=\u00a0\u00bbinitial\u00a0\u00bb background_position=\u00a0\u00bbtop_left\u00a0\u00bb background_repeat=\u00a0\u00bbrepeat\u00a0\u00bb][et_pb_column type=\u00a0\u00bb1_2&Prime; _builder_version=\u00a0\u00bb3.0.47&Prime; parallax=\u00a0\u00bboff\u00a0\u00bb parallax_method=\u00a0\u00bbon\u00a0\u00bb][et_pb_button button_url=\u00a0\u00bbhttps:\/\/www.newrow.com\/u\/#\/signin?_k=is9nee\u00a0\u00bb url_new_window=\u00a0\u00bbon\u00a0\u00bb button_text=\u00a0\u00bbJ&rsquo;acc\u00e8de \u00e0 mon cours\u00a0\u00bb button_alignment=\u00a0\u00bbcenter\u00a0\u00bb _builder_version=\u00a0\u00bb3.13.1&Prime; custom_button=\u00a0\u00bbon\u00a0\u00bb button_text_size=\u00a0\u00bb31px\u00a0\u00bb button_text_color=\u00a0\u00bb#ffffff\u00a0\u00bb button_bg_color=\u00a0\u00bb#7cda24&Prime; button_border_width=\u00a0\u00bb0px\u00a0\u00bb button_font=\u00a0\u00bb||||||||\u00a0\u00bb button_icon=\u00a0\u00bb%%32%%\u00a0\u00bb button_on_hover=\u00a0\u00bboff\u00a0\u00bb [&hellip;]<\/p>\n","protected":false},"author":1,"featured_media":0,"parent":0,"menu_order":0,"comment_status":"closed","ping_status":"closed","template":"","meta":{"_et_pb_use_builder":"on","_et_pb_old_content":"","_et_gb_content_width":""},"yoast_head":"<!-- This site is optimized with the Yoast SEO plugin v18.6 - https:\/\/yoast.com\/wordpress\/plugins\/seo\/ -->\n<title>Se Connecter - SpeakLive<\/title>\n<meta name=\"robots\" content=\"index, follow, max-snippet:-1, max-image-preview:large, max-video-preview:-1\" \/>\n<link rel=\"canonical\" href=\"https:\/\/speaklive.ch\/fr\/se-connecter\/\" \/>\n<meta property=\"og:locale\" content=\"fr_FR\" \/>\n<meta property=\"og:type\" content=\"article\" \/>\n<meta property=\"og:title\" content=\"Se Connecter - SpeakLive\" \/>\n<meta property=\"og:description\" content=\"[et_pb_section fb_built=\u00a0\u00bb1&Prime; _builder_version=\u00a0\u00bb3.2.1&Prime; background_image=\u00a0\u00bbhttps:\/\/speaklive.ch\/wp-content\/uploads\/2018\/05\/nick-morrison-325805-min.jpg\u00a0\u00bb custom_padding=\u00a0\u00bb0||168px||false|false\u00a0\u00bb][et_pb_row use_custom_width=\u00a0\u00bbon\u00a0\u00bb width_unit=\u00a0\u00bboff\u00a0\u00bb custom_width_percent=\u00a0\u00bb100%\u00a0\u00bb use_custom_gutter=\u00a0\u00bbon\u00a0\u00bb custom_padding=\u00a0\u00bb0|0px|0|0px|false|false\u00a0\u00bb _builder_version=\u00a0\u00bb3.13.1&Prime; background_size=\u00a0\u00bbinitial\u00a0\u00bb background_position=\u00a0\u00bbtop_left\u00a0\u00bb background_repeat=\u00a0\u00bbrepeat\u00a0\u00bb animation_style=\u00a0\u00bbzoom\u00a0\u00bb][et_pb_column type=\u00a0\u00bb4_4&Prime; _builder_version=\u00a0\u00bb3.0.47&Prime; parallax=\u00a0\u00bboff\u00a0\u00bb parallax_method=\u00a0\u00bbon\u00a0\u00bb][et_pb_text _builder_version=\u00a0\u00bb3.13.1&Prime; header_font=\u00a0\u00bb||||||||\u00a0\u00bb header_text_color=\u00a0\u00bb#ffffff\u00a0\u00bb background_color=\u00a0\u00bbrgba(76,80,93,0.36)\u00a0\u00bb] Entrez Dans Votre Nouvel Univers Linguistique&#8230; &nbsp;[\/et_pb_text][\/et_pb_column][\/et_pb_row][et_pb_row custom_padding=\u00a0\u00bb120px|0px|0|0px|false|false\u00a0\u00bb _builder_version=\u00a0\u00bb3.0.98&Prime; background_size=\u00a0\u00bbinitial\u00a0\u00bb background_position=\u00a0\u00bbtop_left\u00a0\u00bb background_repeat=\u00a0\u00bbrepeat\u00a0\u00bb][et_pb_column type=\u00a0\u00bb1_2&Prime; _builder_version=\u00a0\u00bb3.0.47&Prime; parallax=\u00a0\u00bboff\u00a0\u00bb parallax_method=\u00a0\u00bbon\u00a0\u00bb][et_pb_button button_url=\u00a0\u00bbhttps:\/\/www.newrow.com\/u\/#\/signin?_k=is9nee\u00a0\u00bb url_new_window=\u00a0\u00bbon\u00a0\u00bb button_text=\u00a0\u00bbJ&rsquo;acc\u00e8de \u00e0 mon cours\u00a0\u00bb button_alignment=\u00a0\u00bbcenter\u00a0\u00bb _builder_version=\u00a0\u00bb3.13.1&Prime; custom_button=\u00a0\u00bbon\u00a0\u00bb button_text_size=\u00a0\u00bb31px\u00a0\u00bb button_text_color=\u00a0\u00bb#ffffff\u00a0\u00bb button_bg_color=\u00a0\u00bb#7cda24&Prime; button_border_width=\u00a0\u00bb0px\u00a0\u00bb button_font=\u00a0\u00bb||||||||\u00a0\u00bb button_icon=\u00a0\u00bb\u00a0\u00bb button_on_hover=\u00a0\u00bboff\u00a0\u00bb [&hellip;]\" \/>\n<meta property=\"og:url\" content=\"https:\/\/speaklive.ch\/fr\/se-connecter\/\" \/>\n<meta property=\"og:site_name\" content=\"SpeakLive\" \/>\n<meta property=\"article:publisher\" content=\"https:\/\/www.facebook.com\/SpeakLive-1941415536111786\/\" \/>\n<meta property=\"article:modified_time\" content=\"2018-09-05T08:01:13+00:00\" \/>\n<meta name=\"twitter:card\" content=\"summary_large_image\" \/>\n<meta name=\"twitter:label1\" content=\"Dur\u00e9e de lecture estim\u00e9e\" \/>\n\t<meta name=\"twitter:data1\" content=\"1 minute\" \/>\n<script type=\"application\/ld+json\" class=\"yoast-schema-graph\">{\"@context\":\"https:\/\/schema.org\",\"@graph\":[{\"@type\":\"WebSite\",\"@id\":\"https:\/\/speaklive.ch\/#website\",\"url\":\"https:\/\/speaklive.ch\/\",\"name\":\"SpeakLive\",\"description\":\"Immersion linguistique et cours de langue en ligne\",\"potentialAction\":[{\"@type\":\"SearchAction\",\"target\":{\"@type\":\"EntryPoint\",\"urlTemplate\":\"https:\/\/speaklive.ch\/?s={search_term_string}\"},\"query-input\":\"required name=search_term_string\"}],\"inLanguage\":\"fr-FR\"},{\"@type\":\"WebPage\",\"@id\":\"https:\/\/speaklive.ch\/fr\/se-connecter\/#webpage\",\"url\":\"https:\/\/speaklive.ch\/fr\/se-connecter\/\",\"name\":\"Se Connecter - SpeakLive\",\"isPartOf\":{\"@id\":\"https:\/\/speaklive.ch\/#website\"},\"datePublished\":\"2018-09-05T07:33:20+00:00\",\"dateModified\":\"2018-09-05T08:01:13+00:00\",\"breadcrumb\":{\"@id\":\"https:\/\/speaklive.ch\/fr\/se-connecter\/#breadcrumb\"},\"inLanguage\":\"fr-FR\",\"potentialAction\":[{\"@type\":\"ReadAction\",\"target\":[\"https:\/\/speaklive.ch\/fr\/se-connecter\/\"]}]},{\"@type\":\"BreadcrumbList\",\"@id\":\"https:\/\/speaklive.ch\/fr\/se-connecter\/#breadcrumb\",\"itemListElement\":[{\"@type\":\"ListItem\",\"position\":1,\"name\":\"Accueil\",\"item\":\"https:\/\/speaklive.ch\/fr\/\"},{\"@type\":\"ListItem\",\"position\":2,\"name\":\"Se Connecter\"}]}]}<\/script>\n<!-- \/ Yoast SEO plugin. -->","yoast_head_json":{"title":"Se Connecter - SpeakLive","robots":{"index":"index","follow":"follow","max-snippet":"max-snippet:-1","max-image-preview":"max-image-preview:large","max-video-preview":"max-video-preview:-1"},"canonical":"https:\/\/speaklive.ch\/fr\/se-connecter\/","og_locale":"fr_FR","og_type":"article","og_title":"Se Connecter - SpeakLive","og_description":"[et_pb_section fb_built=\u00a0\u00bb1&Prime; _builder_version=\u00a0\u00bb3.2.1&Prime; background_image=\u00a0\u00bbhttps:\/\/speaklive.ch\/wp-content\/uploads\/2018\/05\/nick-morrison-325805-min.jpg\u00a0\u00bb custom_padding=\u00a0\u00bb0||168px||false|false\u00a0\u00bb][et_pb_row use_custom_width=\u00a0\u00bbon\u00a0\u00bb width_unit=\u00a0\u00bboff\u00a0\u00bb custom_width_percent=\u00a0\u00bb100%\u00a0\u00bb use_custom_gutter=\u00a0\u00bbon\u00a0\u00bb custom_padding=\u00a0\u00bb0|0px|0|0px|false|false\u00a0\u00bb _builder_version=\u00a0\u00bb3.13.1&Prime; background_size=\u00a0\u00bbinitial\u00a0\u00bb background_position=\u00a0\u00bbtop_left\u00a0\u00bb background_repeat=\u00a0\u00bbrepeat\u00a0\u00bb animation_style=\u00a0\u00bbzoom\u00a0\u00bb][et_pb_column type=\u00a0\u00bb4_4&Prime; _builder_version=\u00a0\u00bb3.0.47&Prime; parallax=\u00a0\u00bboff\u00a0\u00bb parallax_method=\u00a0\u00bbon\u00a0\u00bb][et_pb_text _builder_version=\u00a0\u00bb3.13.1&Prime; header_font=\u00a0\u00bb||||||||\u00a0\u00bb header_text_color=\u00a0\u00bb#ffffff\u00a0\u00bb background_color=\u00a0\u00bbrgba(76,80,93,0.36)\u00a0\u00bb] Entrez Dans Votre Nouvel Univers Linguistique&#8230; &nbsp;[\/et_pb_text][\/et_pb_column][\/et_pb_row][et_pb_row custom_padding=\u00a0\u00bb120px|0px|0|0px|false|false\u00a0\u00bb _builder_version=\u00a0\u00bb3.0.98&Prime; background_size=\u00a0\u00bbinitial\u00a0\u00bb background_position=\u00a0\u00bbtop_left\u00a0\u00bb background_repeat=\u00a0\u00bbrepeat\u00a0\u00bb][et_pb_column type=\u00a0\u00bb1_2&Prime; _builder_version=\u00a0\u00bb3.0.47&Prime; parallax=\u00a0\u00bboff\u00a0\u00bb parallax_method=\u00a0\u00bbon\u00a0\u00bb][et_pb_button button_url=\u00a0\u00bbhttps:\/\/www.newrow.com\/u\/#\/signin?_k=is9nee\u00a0\u00bb url_new_window=\u00a0\u00bbon\u00a0\u00bb button_text=\u00a0\u00bbJ&rsquo;acc\u00e8de \u00e0 mon cours\u00a0\u00bb button_alignment=\u00a0\u00bbcenter\u00a0\u00bb _builder_version=\u00a0\u00bb3.13.1&Prime; custom_button=\u00a0\u00bbon\u00a0\u00bb button_text_size=\u00a0\u00bb31px\u00a0\u00bb button_text_color=\u00a0\u00bb#ffffff\u00a0\u00bb button_bg_color=\u00a0\u00bb#7cda24&Prime; button_border_width=\u00a0\u00bb0px\u00a0\u00bb button_font=\u00a0\u00bb||||||||\u00a0\u00bb button_icon=\u00a0\u00bb\u00a0\u00bb button_on_hover=\u00a0\u00bboff\u00a0\u00bb [&hellip;]","og_url":"https:\/\/speaklive.ch\/fr\/se-connecter\/","og_site_name":"SpeakLive","article_publisher":"https:\/\/www.facebook.com\/SpeakLive-1941415536111786\/","article_modified_time":"2018-09-05T08:01:13+00:00","twitter_card":"summary_large_image","twitter_misc":{"Dur\u00e9e de lecture estim\u00e9e":"1 minute"},"schema":{"@context":"https:\/\/schema.org","@graph":[{"@type":"WebSite","@id":"https:\/\/speaklive.ch\/#website","url":"https:\/\/speaklive.ch\/","name":"SpeakLive","description":"Immersion linguistique et cours de langue en ligne","potentialAction":[{"@type":"SearchAction","target":{"@type":"EntryPoint","urlTemplate":"https:\/\/speaklive.ch\/?s={search_term_string}"},"query-input":"required name=search_term_string"}],"inLanguage":"fr-FR"},{"@type":"WebPage","@id":"https:\/\/speaklive.ch\/fr\/se-connecter\/#webpage","url":"https:\/\/speaklive.ch\/fr\/se-connecter\/","name":"Se Connecter - SpeakLive","isPartOf":{"@id":"https:\/\/speaklive.ch\/#website"},"datePublished":"2018-09-05T07:33:20+00:00","dateModified":"2018-09-05T08:01:13+00:00","breadcrumb":{"@id":"https:\/\/speaklive.ch\/fr\/se-connecter\/#breadcrumb"},"inLanguage":"fr-FR","potentialAction":[{"@type":"ReadAction","target":["https:\/\/speaklive.ch\/fr\/se-connecter\/"]}]},{"@type":"BreadcrumbList","@id":"https:\/\/speaklive.ch\/fr\/se-connecter\/#breadcrumb","itemListElement":[{"@type":"ListItem","position":1,"name":"Accueil","item":"https:\/\/speaklive.ch\/fr\/"},{"@type":"ListItem","position":2,"name":"Se Connecter"}]}]}},"_links":{"self":[{"href":"https:\/\/speaklive.ch\/fr\/wp-json\/wp\/v2\/pages\/6126"}],"collection":[{"href":"https:\/\/speaklive.ch\/fr\/wp-json\/wp\/v2\/pages"}],"about":[{"href":"https:\/\/speaklive.ch\/fr\/wp-json\/wp\/v2\/types\/page"}],"author":[{"embeddable":true,"href":"https:\/\/speaklive.ch\/fr\/wp-json\/wp\/v2\/users\/1"}],"replies":[{"embeddable":true,"href":"https:\/\/speaklive.ch\/fr\/wp-json\/wp\/v2\/comments?post=6126"}],"version-history":[{"count":13,"href":"https:\/\/speaklive.ch\/fr\/wp-json\/wp\/v2\/pages\/6126\/revisions"}],"predecessor-version":[{"id":6149,"href":"https:\/\/speaklive.ch\/fr\/wp-json\/wp\/v2\/pages\/6126\/revisions\/6149"}],"wp:attachment":[{"href":"https:\/\/speaklive.ch\/fr\/wp-json\/wp\/v2\/media?parent=6126"}],"curies":[{"name":"wp","href":"https:\/\/api.w.org\/{rel}","templated":true}]}}