{"id":2837,"date":"2018-01-11T17:42:26","date_gmt":"2018-01-11T16:42:26","guid":{"rendered":"http:\/\/speaklive.ch\/travailler-avec-nous\/"},"modified":"2019-09-05T02:08:19","modified_gmt":"2019-09-05T00:08:19","slug":"travailler-avec-nous","status":"publish","type":"page","link":"https:\/\/speaklive.ch\/fr\/travailler-avec-nous\/","title":{"rendered":"Nous Rejoindre"},"content":{"rendered":"<p>[et_pb_section fb_built=\u00a0\u00bb1&Prime; admin_label=\u00a0\u00bbsection\u00a0\u00bb _builder_version=\u00a0\u00bb3.22.3&Prime; background_size=\u00a0\u00bbcontain\u00a0\u00bb custom_padding=\u00a0\u00bb50.5156px|0px|50.5156px|0px\u00a0\u00bb][et_pb_row _builder_version=\u00a0\u00bb3.25&Prime; column_structure=\u00a0\u00bb1_2,1_2&Prime;][et_pb_column type=\u00a0\u00bb1_2&Prime; _builder_version=\u00a0\u00bb3.25&Prime; custom_padding=\u00a0\u00bb|||\u00a0\u00bb custom_padding__hover=\u00a0\u00bb|||\u00a0\u00bb][et_pb_image src=\u00a0\u00bbhttps:\/\/speaklive.ch\/wp-content\/uploads\/2018\/05\/Collaboration_ipad-connections-min.jpg\u00a0\u00bb align_tablet=\u00a0\u00bbcenter\u00a0\u00bb align_last_edited=\u00a0\u00bbon|desktop\u00a0\u00bb _builder_version=\u00a0\u00bb3.23&Prime;][\/et_pb_image][\/et_pb_column][et_pb_column type=\u00a0\u00bb1_2&Prime; _builder_version=\u00a0\u00bb3.25&Prime; custom_padding=\u00a0\u00bb|||\u00a0\u00bb custom_padding__hover=\u00a0\u00bb|||\u00a0\u00bb][et_pb_text _builder_version=\u00a0\u00bb3.0.100&Prime; text_font=\u00a0\u00bb|700||||on|||\u00a0\u00bb text_text_color=\u00a0\u00bb#513f3f\u00a0\u00bb text_font_size=\u00a0\u00bb18px\u00a0\u00bb]<\/p>\n<p>Nous recrutons actuellement des experts linguistiques freelance qualifi\u00e9s en anglais, en fran\u00e7ais (FLE), espagnol et allemand, pour faire partie de notre communaut\u00e9 de coaches \u00e0 SpeakLive.<\/p>\n<p>[\/et_pb_text][et_pb_divider show_divider=\u00a0\u00bboff\u00a0\u00bb _builder_version=\u00a0\u00bb3.2&Prime;][\/et_pb_divider][et_pb_text _builder_version=\u00a0\u00bb3.0.91&Prime; text_font=\u00a0\u00bb||||||||\u00a0\u00bb]<\/p>\n<h4><strong>Crit\u00e8res requis:<\/strong><\/h4>\n<p>&#8211; Natif de la langue cible<br \/>\n&#8211; Dipl\u00f4me universitaire\/qualifications dans l&rsquo;enseignement ou certificats<br \/>\n&#8211; Bonne ma\u00eetrise des outils informatiques courants<br \/>\n&#8211; Internet haut d\u00e9bit, webcam<br \/>\n&#8211; Motiv\u00e9, Creatif, et dynamique<br \/>\n&#8211; Flexible, disponible au moins 3 jours par semaine (cr\u00e9neaux horaires \u00e0 d\u00e9finir)<br \/>\n[\/et_pb_text][\/et_pb_column][\/et_pb_row][et_pb_row custom_padding=\u00a0\u00bb25px|15px|25px|15px\u00a0\u00bb custom_margin=\u00a0\u00bb15px|||\u00a0\u00bb _builder_version=\u00a0\u00bb3.25&Prime; background_color=\u00a0\u00bb#4c505d\u00a0\u00bb column_structure=\u00a0\u00bb1_4,1_4,1_4,1_4&Prime;][et_pb_column type=\u00a0\u00bb1_4&Prime; _builder_version=\u00a0\u00bb3.25&Prime; custom_padding=\u00a0\u00bb|||\u00a0\u00bb custom_padding__hover=\u00a0\u00bb|||\u00a0\u00bb][et_pb_blurb title=\u00a0\u00bb Travailler de Partout &#8211; Profitez d&rsquo;une Libert\u00e9 Professionnelle\u00a0\u00bb use_icon=\u00a0\u00bbon\u00a0\u00bb font_icon=\u00a0\u00bb%%102%%\u00a0\u00bb icon_color=\u00a0\u00bb#ffffff\u00a0\u00bb use_icon_font_size=\u00a0\u00bbon\u00a0\u00bb icon_font_size=\u00a0\u00bb36px\u00a0\u00bb _builder_version=\u00a0\u00bb3.0.95&Prime; header_font=\u00a0\u00bb|600||||on|||\u00a0\u00bb header_text_color=\u00a0\u00bb#7cda24&Prime; header_font_size=\u00a0\u00bb22px\u00a0\u00bb body_font=\u00a0\u00bbABeeZee||||||||\u00a0\u00bb body_text_align=\u00a0\u00bbleft\u00a0\u00bb body_line_height=\u00a0\u00bb1.4em\u00a0\u00bb border_radii=\u00a0\u00bb||||\u00a0\u00bb text_orientation=\u00a0\u00bbcenter\u00a0\u00bb background_layout=\u00a0\u00bbdark\u00a0\u00bb custom_margin=\u00a0\u00bb|||\u00a0\u00bb custom_padding=\u00a0\u00bb|||\u00a0\u00bb animation=\u00a0\u00bboff\u00a0\u00bb]<span style=\"font-size: 14px;\">Coachez depuis chez vous, de votre bureau ou de n&rsquo;importe quel endroit calme et pratique de votre choix !\u00a0<\/span><\/p>\n<p><span style=\"font-size: 14px;\">Pas besoin d&rsquo;effectuer de longs trajets pour rencontrer vos apprenants ou pour assister aux r\u00e9unions.<\/span><\/p>\n<p style=\"text-align: center;\">\n<p>[\/et_pb_blurb][\/et_pb_column][et_pb_column type=\u00a0\u00bb1_4&Prime; _builder_version=\u00a0\u00bb3.25&Prime; custom_padding=\u00a0\u00bb|||\u00a0\u00bb custom_padding__hover=\u00a0\u00bb|||\u00a0\u00bb][et_pb_blurb title=\u00a0\u00bbEnvironnement de Travail International\u00a0\u00bb use_icon=\u00a0\u00bbon\u00a0\u00bb font_icon=\u00a0\u00bb%%165%%\u00a0\u00bb icon_color=\u00a0\u00bb#ffffff\u00a0\u00bb use_icon_font_size=\u00a0\u00bbon\u00a0\u00bb icon_font_size=\u00a0\u00bb36px\u00a0\u00bb _builder_version=\u00a0\u00bb3.0.91&Prime; header_font=\u00a0\u00bb|600||||on|||\u00a0\u00bb header_text_color=\u00a0\u00bb#f29626&Prime; header_font_size=\u00a0\u00bb22px\u00a0\u00bb body_font=\u00a0\u00bbABeeZee||||||||\u00a0\u00bb body_text_align=\u00a0\u00bbleft\u00a0\u00bb body_line_height=\u00a0\u00bb1.4em\u00a0\u00bb border_radii=\u00a0\u00bb||||\u00a0\u00bb text_orientation=\u00a0\u00bbcenter\u00a0\u00bb background_layout=\u00a0\u00bbdark\u00a0\u00bb custom_margin=\u00a0\u00bb|||\u00a0\u00bb animation=\u00a0\u00bboff\u00a0\u00bb inline_fonts=\u00a0\u00bbABeeZee\u00a0\u00bb]<span style=\"font-size: 14px; letter-spacing: 0px;\">Formez notre Communaut\u00e9 d&rsquo;apprenants venant du monde entier. Partagez une exp\u00e9rience culturelle riche et des participants dynamiques d\u00e9sirant progresser rapidement !\u00a0\u00a0<\/span><\/p>\n<p style=\"text-align: center;\">\n<p>[\/et_pb_blurb][\/et_pb_column][et_pb_column type=\u00a0\u00bb1_4&Prime; _builder_version=\u00a0\u00bb3.25&Prime; custom_padding=\u00a0\u00bb|||\u00a0\u00bb custom_padding__hover=\u00a0\u00bb|||\u00a0\u00bb][et_pb_blurb title=\u00a0\u00bbOutils\u00a0\u00bb use_icon=\u00a0\u00bbon\u00a0\u00bb font_icon=\u00a0\u00bb%%158%%\u00a0\u00bb icon_color=\u00a0\u00bb#ffffff\u00a0\u00bb use_icon_font_size=\u00a0\u00bbon\u00a0\u00bb icon_font_size=\u00a0\u00bb36px\u00a0\u00bb _builder_version=\u00a0\u00bb3.0.91&Prime; header_font=\u00a0\u00bb|600||||on|||\u00a0\u00bb header_text_align=\u00a0\u00bbcenter\u00a0\u00bb header_text_color=\u00a0\u00bb#7cda24&Prime; header_font_size=\u00a0\u00bb22px\u00a0\u00bb body_font=\u00a0\u00bbABeeZee||||||||\u00a0\u00bb body_line_height=\u00a0\u00bb1.4em\u00a0\u00bb border_radii=\u00a0\u00bb||||\u00a0\u00bb background_layout=\u00a0\u00bbdark\u00a0\u00bb custom_margin=\u00a0\u00bb|||\u00a0\u00bb animation=\u00a0\u00bboff\u00a0\u00bb inline_fonts=\u00a0\u00bbABeeZee\u00a0\u00bb]<span style=\"font-size: 14px;\">Acc\u00e8s \u00e0 des outils d&rsquo;enseignement \u00e9labor\u00e9s et \u00e0 des ressources p\u00e9dagogiques pour rendre vos sessions plus interactives<\/span><\/p>\n<p><span style=\"font-size: 14px;\">Acqu\u00e9rez de l&rsquo;exp\u00e9rience dans l&rsquo;enseignement sur une plateforme de classe virtuelle ludique et de haute qualit\u00e9.\u00a0<\/span><\/p>\n<p style=\"text-align: center;\">\n<p>[\/et_pb_blurb][\/et_pb_column][et_pb_column type=\u00a0\u00bb1_4&Prime; _builder_version=\u00a0\u00bb3.25&Prime; custom_padding=\u00a0\u00bb|||\u00a0\u00bb custom_padding__hover=\u00a0\u00bb|||\u00a0\u00bb][et_pb_blurb title=\u00a0\u00bb Paiement\u00a0\u00bb use_icon=\u00a0\u00bbon\u00a0\u00bb font_icon=\u00a0\u00bb%%143%%\u00a0\u00bb icon_color=\u00a0\u00bb#ffffff\u00a0\u00bb use_icon_font_size=\u00a0\u00bbon\u00a0\u00bb icon_font_size=\u00a0\u00bb36px\u00a0\u00bb _builder_version=\u00a0\u00bb3.0.95&Prime; header_font=\u00a0\u00bb|600||||on|||\u00a0\u00bb header_text_color=\u00a0\u00bb#f29626&Prime; header_font_size=\u00a0\u00bb22px\u00a0\u00bb body_font=\u00a0\u00bbABeeZee||||||||\u00a0\u00bb body_text_align=\u00a0\u00bbleft\u00a0\u00bb body_line_height=\u00a0\u00bb1.4em\u00a0\u00bb border_radii=\u00a0\u00bb||||\u00a0\u00bb text_orientation=\u00a0\u00bbcenter\u00a0\u00bb background_layout=\u00a0\u00bbdark\u00a0\u00bb custom_margin=\u00a0\u00bb|||\u00a0\u00bb animation=\u00a0\u00bboff\u00a0\u00bb inline_fonts=\u00a0\u00bbABeeZee\u00a0\u00bb]<span style=\"font-size: 14px;\">G\u00e9rez facilement vos heures de coaching sur notre plateforme et recevez vos paiements mensuels.\u00a0<\/span><\/p>\n<p><span style=\"font-size: 14px;\">R\u00e9mun\u00e9ration bas\u00e9e sur votre exp\u00e9rience.<\/span><\/p>\n<p style=\"text-align: center;\">\n<p>[\/et_pb_blurb][\/et_pb_column][\/et_pb_row][et_pb_row custom_padding=\u00a0\u00bb25px|0px|25px|0px\u00a0\u00bb custom_padding_tablet=\u00a0\u00bb25px|0px|0px|0px\u00a0\u00bb custom_padding_phone=\u00a0\u00bb25px|0px|0px|0px\u00a0\u00bb custom_padding_last_edited=\u00a0\u00bbon|phone\u00a0\u00bb _builder_version=\u00a0\u00bb3.25&Prime; custom_margin_last_edited=\u00a0\u00bbon|phone\u00a0\u00bb][et_pb_column type=\u00a0\u00bb4_4&Prime; _builder_version=\u00a0\u00bb3.25&Prime; custom_padding=\u00a0\u00bb|||\u00a0\u00bb custom_padding__hover=\u00a0\u00bb|||\u00a0\u00bb][et_pb_text _builder_version=\u00a0\u00bb3.0.98&Prime;]<span style=\"font-size: large;\"><strong>Nous Vous Offrons <\/strong><\/span>un job sympa, compatible avec votre vie sociale, un autre travail, ou m\u00eame avec vos \u00e9tudes.<\/p>\n<p>Peu importe o\u00f9 vous \u00eates situ\u00e9s, si vous \u00eates\u00a0<strong><span style=\"text-decoration: underline;\">extr\u00e8mement motiv\u00e9 pour aider des personnes \u00e0 am\u00e9liorer leurs comp\u00e9tences linguistiques et \u00e0 se sentir plus confiants \u00e0 parler la langue,<\/span><\/strong>\u00a0nous serions ravis de vous conna\u00eetre !<\/p>\n<p><span style=\"text-decoration: underline;\"><strong>Merci de nous envoyer par e-mail votre CV accompagn\u00e9 d&rsquo;une lettre de motivation.<\/strong><\/span><\/p>\n<p><strong>Dans votre lettre de motivation, merci d&rsquo;indiquer:<\/strong><br \/>\n&#8211; d&rsquo;o\u00f9 vous \u00eates originaire (votre accent)<br \/>\n&#8211; votre situation g\u00e9ographique actuelle<br \/>\n&#8211; vos disponibilit\u00e9s pour ce job<br \/>\n&#8211; les exp\u00e9riences professionnelles que vous consid\u00e9rez importantes de mentionner pour ce poste<br \/>\n&#8211; votre id\u00e9e du coaching lnguistique<br \/>\n[\/et_pb_text][\/et_pb_column][\/et_pb_row][\/et_pb_section]<\/p>\n","protected":false},"excerpt":{"rendered":"<p>[et_pb_section fb_built=\u00a0\u00bb1&Prime; admin_label=\u00a0\u00bbsection\u00a0\u00bb _builder_version=\u00a0\u00bb3.22.3&Prime; background_size=\u00a0\u00bbcontain\u00a0\u00bb custom_padding=\u00a0\u00bb50.5156px|0px|50.5156px|0px\u00a0\u00bb][et_pb_row _builder_version=\u00a0\u00bb3.25&Prime; column_structure=\u00a0\u00bb1_2,1_2&Prime;][et_pb_column type=\u00a0\u00bb1_2&Prime; _builder_version=\u00a0\u00bb3.25&Prime; custom_padding=\u00a0\u00bb|||\u00a0\u00bb custom_padding__hover=\u00a0\u00bb|||\u00a0\u00bb][et_pb_image src=\u00a0\u00bbhttps:\/\/speaklive.ch\/wp-content\/uploads\/2018\/05\/Collaboration_ipad-connections-min.jpg\u00a0\u00bb align_tablet=\u00a0\u00bbcenter\u00a0\u00bb align_last_edited=\u00a0\u00bbon|desktop\u00a0\u00bb _builder_version=\u00a0\u00bb3.23&Prime;][\/et_pb_image][\/et_pb_column][et_pb_column type=\u00a0\u00bb1_2&Prime; _builder_version=\u00a0\u00bb3.25&Prime; custom_padding=\u00a0\u00bb|||\u00a0\u00bb custom_padding__hover=\u00a0\u00bb|||\u00a0\u00bb][et_pb_text _builder_version=\u00a0\u00bb3.0.100&Prime; text_font=\u00a0\u00bb|700||||on|||\u00a0\u00bb text_text_color=\u00a0\u00bb#513f3f\u00a0\u00bb text_font_size=\u00a0\u00bb18px\u00a0\u00bb] Nous recrutons actuellement des experts linguistiques freelance qualifi\u00e9s en anglais, en fran\u00e7ais (FLE), espagnol et allemand, pour faire partie de notre communaut\u00e9 de coaches \u00e0 SpeakLive. [\/et_pb_text][et_pb_divider show_divider=\u00a0\u00bboff\u00a0\u00bb _builder_version=\u00a0\u00bb3.2&Prime;][\/et_pb_divider][et_pb_text _builder_version=\u00a0\u00bb3.0.91&Prime; text_font=\u00a0\u00bb||||||||\u00a0\u00bb] [&hellip;]<\/p>\n","protected":false},"author":1,"featured_media":0,"parent":0,"menu_order":0,"comment_status":"closed","ping_status":"closed","template":"","meta":{"_et_pb_use_builder":"on","_et_pb_old_content":"","_et_gb_content_width":""},"yoast_head":"<!-- This site is optimized with the Yoast SEO plugin v18.6 - https:\/\/yoast.com\/wordpress\/plugins\/seo\/ -->\n<title>Nous Rejoindre - SpeakLive<\/title>\n<meta name=\"robots\" content=\"index, follow, max-snippet:-1, max-image-preview:large, max-video-preview:-1\" \/>\n<link rel=\"canonical\" href=\"https:\/\/speaklive.ch\/fr\/travailler-avec-nous\/\" \/>\n<meta property=\"og:locale\" content=\"fr_FR\" \/>\n<meta property=\"og:type\" content=\"article\" \/>\n<meta property=\"og:title\" content=\"Nous Rejoindre - SpeakLive\" \/>\n<meta property=\"og:description\" content=\"[et_pb_section fb_built=\u00a0\u00bb1&Prime; admin_label=\u00a0\u00bbsection\u00a0\u00bb _builder_version=\u00a0\u00bb3.22.3&Prime; background_size=\u00a0\u00bbcontain\u00a0\u00bb custom_padding=\u00a0\u00bb50.5156px|0px|50.5156px|0px\u00a0\u00bb][et_pb_row _builder_version=\u00a0\u00bb3.25&Prime; column_structure=\u00a0\u00bb1_2,1_2&Prime;][et_pb_column type=\u00a0\u00bb1_2&Prime; _builder_version=\u00a0\u00bb3.25&Prime; custom_padding=\u00a0\u00bb|||\u00a0\u00bb custom_padding__hover=\u00a0\u00bb|||\u00a0\u00bb][et_pb_image src=\u00a0\u00bbhttps:\/\/speaklive.ch\/wp-content\/uploads\/2018\/05\/Collaboration_ipad-connections-min.jpg\u00a0\u00bb align_tablet=\u00a0\u00bbcenter\u00a0\u00bb align_last_edited=\u00a0\u00bbon|desktop\u00a0\u00bb _builder_version=\u00a0\u00bb3.23&Prime;][\/et_pb_image][\/et_pb_column][et_pb_column type=\u00a0\u00bb1_2&Prime; _builder_version=\u00a0\u00bb3.25&Prime; custom_padding=\u00a0\u00bb|||\u00a0\u00bb custom_padding__hover=\u00a0\u00bb|||\u00a0\u00bb][et_pb_text _builder_version=\u00a0\u00bb3.0.100&Prime; text_font=\u00a0\u00bb|700||||on|||\u00a0\u00bb text_text_color=\u00a0\u00bb#513f3f\u00a0\u00bb text_font_size=\u00a0\u00bb18px\u00a0\u00bb] Nous recrutons actuellement des experts linguistiques freelance qualifi\u00e9s en anglais, en fran\u00e7ais (FLE), espagnol et allemand, pour faire partie de notre communaut\u00e9 de coaches \u00e0 SpeakLive. [\/et_pb_text][et_pb_divider show_divider=\u00a0\u00bboff\u00a0\u00bb _builder_version=\u00a0\u00bb3.2&Prime;][\/et_pb_divider][et_pb_text _builder_version=\u00a0\u00bb3.0.91&Prime; text_font=\u00a0\u00bb||||||||\u00a0\u00bb] [&hellip;]\" \/>\n<meta property=\"og:url\" content=\"https:\/\/speaklive.ch\/fr\/travailler-avec-nous\/\" \/>\n<meta property=\"og:site_name\" content=\"SpeakLive\" \/>\n<meta property=\"article:publisher\" content=\"https:\/\/www.facebook.com\/SpeakLive-1941415536111786\/\" \/>\n<meta property=\"article:modified_time\" content=\"2019-09-05T00:08:19+00:00\" \/>\n<meta name=\"twitter:card\" content=\"summary_large_image\" \/>\n<meta name=\"twitter:label1\" content=\"Dur\u00e9e de lecture estim\u00e9e\" \/>\n\t<meta name=\"twitter:data1\" content=\"4 minutes\" \/>\n<script type=\"application\/ld+json\" class=\"yoast-schema-graph\">{\"@context\":\"https:\/\/schema.org\",\"@graph\":[{\"@type\":\"WebSite\",\"@id\":\"https:\/\/speaklive.ch\/#website\",\"url\":\"https:\/\/speaklive.ch\/\",\"name\":\"SpeakLive\",\"description\":\"Immersion linguistique et cours de langue en ligne\",\"potentialAction\":[{\"@type\":\"SearchAction\",\"target\":{\"@type\":\"EntryPoint\",\"urlTemplate\":\"https:\/\/speaklive.ch\/?s={search_term_string}\"},\"query-input\":\"required name=search_term_string\"}],\"inLanguage\":\"fr-FR\"},{\"@type\":\"WebPage\",\"@id\":\"https:\/\/speaklive.ch\/fr\/travailler-avec-nous\/#webpage\",\"url\":\"https:\/\/speaklive.ch\/fr\/travailler-avec-nous\/\",\"name\":\"Nous Rejoindre - SpeakLive\",\"isPartOf\":{\"@id\":\"https:\/\/speaklive.ch\/#website\"},\"datePublished\":\"2018-01-11T16:42:26+00:00\",\"dateModified\":\"2019-09-05T00:08:19+00:00\",\"breadcrumb\":{\"@id\":\"https:\/\/speaklive.ch\/fr\/travailler-avec-nous\/#breadcrumb\"},\"inLanguage\":\"fr-FR\",\"potentialAction\":[{\"@type\":\"ReadAction\",\"target\":[\"https:\/\/speaklive.ch\/fr\/travailler-avec-nous\/\"]}]},{\"@type\":\"BreadcrumbList\",\"@id\":\"https:\/\/speaklive.ch\/fr\/travailler-avec-nous\/#breadcrumb\",\"itemListElement\":[{\"@type\":\"ListItem\",\"position\":1,\"name\":\"Accueil\",\"item\":\"https:\/\/speaklive.ch\/fr\/\"},{\"@type\":\"ListItem\",\"position\":2,\"name\":\"Nous Rejoindre\"}]}]}<\/script>\n<!-- \/ Yoast SEO plugin. -->","yoast_head_json":{"title":"Nous Rejoindre - SpeakLive","robots":{"index":"index","follow":"follow","max-snippet":"max-snippet:-1","max-image-preview":"max-image-preview:large","max-video-preview":"max-video-preview:-1"},"canonical":"https:\/\/speaklive.ch\/fr\/travailler-avec-nous\/","og_locale":"fr_FR","og_type":"article","og_title":"Nous Rejoindre - SpeakLive","og_description":"[et_pb_section fb_built=\u00a0\u00bb1&Prime; admin_label=\u00a0\u00bbsection\u00a0\u00bb _builder_version=\u00a0\u00bb3.22.3&Prime; background_size=\u00a0\u00bbcontain\u00a0\u00bb custom_padding=\u00a0\u00bb50.5156px|0px|50.5156px|0px\u00a0\u00bb][et_pb_row _builder_version=\u00a0\u00bb3.25&Prime; column_structure=\u00a0\u00bb1_2,1_2&Prime;][et_pb_column type=\u00a0\u00bb1_2&Prime; _builder_version=\u00a0\u00bb3.25&Prime; custom_padding=\u00a0\u00bb|||\u00a0\u00bb custom_padding__hover=\u00a0\u00bb|||\u00a0\u00bb][et_pb_image src=\u00a0\u00bbhttps:\/\/speaklive.ch\/wp-content\/uploads\/2018\/05\/Collaboration_ipad-connections-min.jpg\u00a0\u00bb align_tablet=\u00a0\u00bbcenter\u00a0\u00bb align_last_edited=\u00a0\u00bbon|desktop\u00a0\u00bb _builder_version=\u00a0\u00bb3.23&Prime;][\/et_pb_image][\/et_pb_column][et_pb_column type=\u00a0\u00bb1_2&Prime; _builder_version=\u00a0\u00bb3.25&Prime; custom_padding=\u00a0\u00bb|||\u00a0\u00bb custom_padding__hover=\u00a0\u00bb|||\u00a0\u00bb][et_pb_text _builder_version=\u00a0\u00bb3.0.100&Prime; text_font=\u00a0\u00bb|700||||on|||\u00a0\u00bb text_text_color=\u00a0\u00bb#513f3f\u00a0\u00bb text_font_size=\u00a0\u00bb18px\u00a0\u00bb] Nous recrutons actuellement des experts linguistiques freelance qualifi\u00e9s en anglais, en fran\u00e7ais (FLE), espagnol et allemand, pour faire partie de notre communaut\u00e9 de coaches \u00e0 SpeakLive. [\/et_pb_text][et_pb_divider show_divider=\u00a0\u00bboff\u00a0\u00bb _builder_version=\u00a0\u00bb3.2&Prime;][\/et_pb_divider][et_pb_text _builder_version=\u00a0\u00bb3.0.91&Prime; text_font=\u00a0\u00bb||||||||\u00a0\u00bb] [&hellip;]","og_url":"https:\/\/speaklive.ch\/fr\/travailler-avec-nous\/","og_site_name":"SpeakLive","article_publisher":"https:\/\/www.facebook.com\/SpeakLive-1941415536111786\/","article_modified_time":"2019-09-05T00:08:19+00:00","twitter_card":"summary_large_image","twitter_misc":{"Dur\u00e9e de lecture estim\u00e9e":"4 minutes"},"schema":{"@context":"https:\/\/schema.org","@graph":[{"@type":"WebSite","@id":"https:\/\/speaklive.ch\/#website","url":"https:\/\/speaklive.ch\/","name":"SpeakLive","description":"Immersion linguistique et cours de langue en ligne","potentialAction":[{"@type":"SearchAction","target":{"@type":"EntryPoint","urlTemplate":"https:\/\/speaklive.ch\/?s={search_term_string}"},"query-input":"required name=search_term_string"}],"inLanguage":"fr-FR"},{"@type":"WebPage","@id":"https:\/\/speaklive.ch\/fr\/travailler-avec-nous\/#webpage","url":"https:\/\/speaklive.ch\/fr\/travailler-avec-nous\/","name":"Nous Rejoindre - SpeakLive","isPartOf":{"@id":"https:\/\/speaklive.ch\/#website"},"datePublished":"2018-01-11T16:42:26+00:00","dateModified":"2019-09-05T00:08:19+00:00","breadcrumb":{"@id":"https:\/\/speaklive.ch\/fr\/travailler-avec-nous\/#breadcrumb"},"inLanguage":"fr-FR","potentialAction":[{"@type":"ReadAction","target":["https:\/\/speaklive.ch\/fr\/travailler-avec-nous\/"]}]},{"@type":"BreadcrumbList","@id":"https:\/\/speaklive.ch\/fr\/travailler-avec-nous\/#breadcrumb","itemListElement":[{"@type":"ListItem","position":1,"name":"Accueil","item":"https:\/\/speaklive.ch\/fr\/"},{"@type":"ListItem","position":2,"name":"Nous Rejoindre"}]}]}},"_links":{"self":[{"href":"https:\/\/speaklive.ch\/fr\/wp-json\/wp\/v2\/pages\/2837"}],"collection":[{"href":"https:\/\/speaklive.ch\/fr\/wp-json\/wp\/v2\/pages"}],"about":[{"href":"https:\/\/speaklive.ch\/fr\/wp-json\/wp\/v2\/types\/page"}],"author":[{"embeddable":true,"href":"https:\/\/speaklive.ch\/fr\/wp-json\/wp\/v2\/users\/1"}],"replies":[{"embeddable":true,"href":"https:\/\/speaklive.ch\/fr\/wp-json\/wp\/v2\/comments?post=2837"}],"version-history":[{"count":81,"href":"https:\/\/speaklive.ch\/fr\/wp-json\/wp\/v2\/pages\/2837\/revisions"}],"predecessor-version":[{"id":7611,"href":"https:\/\/speaklive.ch\/fr\/wp-json\/wp\/v2\/pages\/2837\/revisions\/7611"}],"wp:attachment":[{"href":"https:\/\/speaklive.ch\/fr\/wp-json\/wp\/v2\/media?parent=2837"}],"curies":[{"name":"wp","href":"https:\/\/api.w.org\/{rel}","templated":true}]}}